{"id":26757,"date":"2025-06-20T09:31:07","date_gmt":"2025-06-20T02:31:07","guid":{"rendered":"https:\/\/golfprizes.vn\/?post_type=product&#038;p=26757"},"modified":"2025-07-01T08:43:27","modified_gmt":"2025-07-01T01:43:27","slug":"meridian-gloves-meridian-gloves","status":"publish","type":"product","link":"https:\/\/golfprizes.vn\/vi\/product\/meridian-gloves-meridian-gloves\/","title":{"rendered":"Meridian Gloves"},"content":{"rendered":"<p>G\u0103ng tay golf Meridian Gloves l\u00e0 s\u1ea3n ph\u1ea9m cao c\u1ea5p, \u0111\u01b0\u1ee3c thi\u1ebft k\u1ebf \u0111\u1eb7c bi\u1ec7t \u0111\u1ec3 b\u1ea3o v\u1ec7 tay golfer kh\u1ecfi th\u1eddi ti\u1ebft l\u1ea1nh v\u00e0 t\u0103ng c\u01b0\u1eddng \u0111\u1ed9 b\u00e1m khi c\u1ea7m g\u1eady. V\u1edbi ch\u1ea5t li\u1ec7u m\u1ec1m m\u1ea1i v\u00e0 tho\u00e1ng kh\u00ed, g\u0103ng tay mang l\u1ea1i c\u1ea3m gi\u00e1c tho\u1ea3i m\u00e1i v\u00e0 linh ho\u1ea1t trong t\u1eebng c\u00fa \u0111\u00e1nh. Thi\u1ebft k\u1ebf \u00f4m s\u00e1t tay gi\u00fap t\u0103ng c\u01b0\u1eddng \u0111\u1ed9 ch\u00ednh x\u00e1c v\u00e0 ki\u1ec3m so\u00e1t trong qu\u00e1 tr\u00ecnh ch\u01a1i. \u0110\u00e2y l\u00e0 l\u1ef1a ch\u1ecdn ho\u00e0n h\u1ea3o cho nh\u1eefng ai y\u00eau th\u00edch m\u00f4n th\u1ec3 thao qu\u00fd t\u1ed9c n\u00e0y, \u0111\u1eb7c bi\u1ec7t trong nh\u1eefng ng\u00e0y th\u1eddi ti\u1ebft l\u1ea1nh gi\u00e1.<\/p>\n","protected":false},"excerpt":{"rendered":"<p>G\u0103ng tay golf cao c\u1ea5p, b\u1ea3o v\u1ec7 tay kh\u1ecfi th\u1eddi ti\u1ebft l\u1ea1nh, t\u0103ng c\u01b0\u1eddng \u0111\u1ed9 b\u00e1m.<\/p>\n","protected":false},"featured_media":26758,"comment_status":"open","ping_status":"closed","template":"","meta":[],"product_brand":[],"product_cat":[75],"product_tag":[],"class_list":{"0":"post-26757","1":"product","2":"type-product","3":"status-publish","4":"has-post-thumbnail","6":"product_cat-golf-sets","8":"first","9":"instock","10":"shipping-taxable","11":"purchasable","12":"product-type-simple"},"_links":{"self":[{"href":"https:\/\/golfprizes.vn\/vi\/wp-json\/wp\/v2\/product\/26757","targetHints":{"allow":["GET"]}}],"collection":[{"href":"https:\/\/golfprizes.vn\/vi\/wp-json\/wp\/v2\/product"}],"about":[{"href":"https:\/\/golfprizes.vn\/vi\/wp-json\/wp\/v2\/types\/product"}],"replies":[{"embeddable":true,"href":"https:\/\/golfprizes.vn\/vi\/wp-json\/wp\/v2\/comments?post=26757"}],"wp:featuredmedia":[{"embeddable":true,"href":"https:\/\/golfprizes.vn\/vi\/wp-json\/wp\/v2\/media\/26758"}],"wp:attachment":[{"href":"https:\/\/golfprizes.vn\/vi\/wp-json\/wp\/v2\/media?parent=26757"}],"wp:term":[{"taxonomy":"product_brand","embeddable":true,"href":"https:\/\/golfprizes.vn\/vi\/wp-json\/wp\/v2\/product_brand?post=26757"},{"taxonomy":"product_cat","embeddable":true,"href":"https:\/\/golfprizes.vn\/vi\/wp-json\/wp\/v2\/product_cat?post=26757"},{"taxonomy":"product_tag","embeddable":true,"href":"https:\/\/golfprizes.vn\/vi\/wp-json\/wp\/v2\/product_tag?post=26757"}],"curies":[{"name":"wp","href":"https:\/\/api.w.org\/{rel}","templated":true}]}}