{"id":27021,"date":"2025-06-30T10:44:35","date_gmt":"2025-06-30T03:44:35","guid":{"rendered":"https:\/\/golfprizes.vn\/?page_id=27021"},"modified":"2025-06-30T10:46:47","modified_gmt":"2025-06-30T03:46:47","slug":"kiemhang_doitra","status":"publish","type":"page","link":"https:\/\/golfprizes.vn\/vi\/kiemhang_doitra\/","title":{"rendered":"Ch\u00ednh s\u00e1ch ki\u1ec3m h\u00e0ng, \u0111\u1ed5i tr\u1ea3"},"content":{"rendered":"\t\t<div data-elementor-type=\"wp-page\" data-elementor-id=\"27021\" class=\"elementor elementor-27021\" data-elementor-post-type=\"page\">\n\t\t\t\t<div class=\"elementor-element elementor-element-1177479 e-flex e-con-boxed sc_layouts_column_icons_position_left e-con e-parent\" data-id=\"1177479\" data-element_type=\"container\">\n\t\t\t\t\t<div class=\"e-con-inner\">\n\t\t\t\t<div class=\"elementor-element elementor-element-3e61e7d sc_fly_static elementor-widget elementor-widget-spacer\" data-id=\"3e61e7d\" data-element_type=\"widget\" data-widget_type=\"spacer.default\">\n\t\t\t\t<div class=\"elementor-widget-container\">\n\t\t\t\t\t\t\t<div class=\"elementor-spacer\">\n\t\t\t<div class=\"elementor-spacer-inner\"><\/div>\n\t\t<\/div>\n\t\t\t\t\t\t<\/div>\n\t\t\t\t<\/div>\n\t\t\t\t\t<\/div>\n\t\t\t\t<\/div>\n\t\t<div class=\"elementor-element elementor-element-b448cd1 e-flex e-con-boxed sc_layouts_column_icons_position_left e-con e-parent\" data-id=\"b448cd1\" data-element_type=\"container\">\n\t\t\t\t\t<div class=\"e-con-inner\">\n\t\t\t\t<div class=\"elementor-element elementor-element-9e4088f sc_fly_static elementor-widget elementor-widget-heading\" data-id=\"9e4088f\" data-element_type=\"widget\" data-widget_type=\"heading.default\">\n\t\t\t\t<div class=\"elementor-widget-container\">\n\t\t\t\t\t<h2 class=\"elementor-heading-title elementor-size-default\">Ch\u00ednh s\u00e1ch ki\u1ec3m h\u00e0ng, \u0111\u1ed5i tr\u1ea3<\/h2>\t\t\t\t<\/div>\n\t\t\t\t<\/div>\n\t\t\t\t<div class=\"elementor-element elementor-element-3ad4b1c sc_fly_static elementor-widget elementor-widget-shortcode\" data-id=\"3ad4b1c\" data-element_type=\"widget\" data-widget_type=\"shortcode.default\">\n\t\t\t\t<div class=\"elementor-widget-container\">\n\t\t\t\t\t\t\t<div class=\"elementor-shortcode\"> <style>\n        .golfprizes-policy {\n            font-family: 'Segoe UI', Tahoma, Geneva, Verdana, sans-serif;\n            line-height: 1.6;\n            color: #333;\n            max-width: 1000px;\n            margin: 0 auto;\n            padding: 20px;\n        }\n\n        .policy-section {\n            background: #fff;\n            border-radius: 12px;\n            box-shadow: 0 4px 20px rgba(0,0,0,0.08);\n            margin-bottom: 30px;\n            overflow: hidden;\n            border: 1px solid #e0e0e0;\n        }\n\n        .section-header {\n            background: linear-gradient(135deg, #2c5530 0%, #4a8c57 100%);\n            color: white;\n            padding: 20px 25px;\n            margin: 0;\n            font-size: 24px;\n            font-weight: 700;\n            text-align: center;\n            letter-spacing: 0.5px;\n        }\n\n        .section-content {\n            padding: 25px;\n        }\n\n        .subsection {\n            margin-bottom: 25px;\n            border-left: 4px solid #4a8c57;\n            padding-left: 20px;\n            background: #f8fbf9;\n            padding: 20px;\n            border-radius: 0 8px 8px 0;\n        }\n\n        .subsection-title {\n            color: #2c5530;\n            font-size: 18px;\n            font-weight: 600;\n            margin-bottom: 15px;\n            display: flex;\n            align-items: center;\n        }\n\n        .subsection-title::before {\n            content: \"\ud83d\udd0d\";\n            margin-right: 10px;\n            font-size: 20px;\n        }\n\n        .policy-section:nth-child(2) .subsection-title::before {\n            content: \"\ud83d\udd04\";\n        }\n\n        .policy-text {\n            margin-bottom: 15px;\n            text-align: justify;\n            line-height: 1.7;\n        }\n\n        .highlight-box {\n            background: linear-gradient(135deg, #fff3cd 0%, #fef7e0 100%);\n            border: 1px solid #ffeaa7;\n            border-radius: 8px;\n            padding: 15px;\n            margin: 15px 0;\n            position: relative;\n        }\n\n        .highlight-box::before {\n            content: \"\u26a0\ufe0f\";\n            position: absolute;\n            top: 15px;\n            left: 15px;\n            font-size: 16px;\n        }\n\n        .highlight-box .policy-text {\n            margin-left: 30px;\n            margin-bottom: 0;\n            font-weight: 500;\n        }\n\n        .steps-container {\n            background: #f0f8f2;\n            border-radius: 10px;\n            padding: 20px;\n            margin-top: 20px;\n        }\n\n        .step-item {\n            display: flex;\n            align-items: flex-start;\n            margin-bottom: 20px;\n            padding: 15px;\n            background: white;\n            border-radius: 8px;\n            box-shadow: 0 2px 8px rgba(0,0,0,0.05);\n        }\n\n        .step-number {\n            background: linear-gradient(135deg, #4a8c57 0%, #2c5530 100%);\n            color: white;\n            width: 35px;\n            height: 35px;\n            border-radius: 50%;\n            display: flex;\n            align-items: center;\n            justify-content: center;\n            font-weight: bold;\n            margin-right: 15px;\n            flex-shrink: 0;\n        }\n\n        .step-content {\n            flex: 1;\n        }\n\n        .step-title {\n            font-weight: 600;\n            color: #2c5530;\n            margin-bottom: 8px;\n            font-size: 16px;\n        }\n\n        .conditions-list {\n            background: #fff;\n            border-radius: 8px;\n            padding: 20px;\n            margin: 15px 0;\n            border: 1px solid #e0e0e0;\n        }\n\n        .condition-item {\n            padding: 10px 0;\n            border-bottom: 1px solid #f0f0f0;\n            position: relative;\n            padding-left: 25px;\n        }\n\n        .condition-item:last-child {\n            border-bottom: none;\n        }\n\n        .condition-item::before {\n            content: \"\u2713\";\n            color: #4a8c57;\n            font-weight: bold;\n            position: absolute;\n            left: 0;\n            top: 10px;\n        }\n\n        .contact-info {\n            background: linear-gradient(135deg, #e8f5e8 0%, #f0f8f0 100%);\n            border-radius: 10px;\n            padding: 20px;\n            text-align: center;\n            margin: 20px 0;\n            border: 2px solid #4a8c57;\n        }\n\n        .contact-info strong {\n            color: #2c5530;\n            font-size: 18px;\n        }\n\n        .no-return-section {\n            background: #ffe6e6;\n            border: 1px solid #ffb3b3;\n            border-radius: 8px;\n            padding: 20px;\n            margin: 20px 0;\n        }\n\n        .no-return-section .subsection-title::before {\n            content: \"\u274c\";\n        }\n\n        @media (max-width: 768px) {\n            .golfprizes-policy {\n                padding: 15px;\n            }\n            \n            .section-header {\n                font-size: 20px;\n                padding: 15px 20px;\n            }\n            \n            .section-content {\n                padding: 20px;\n            }\n            \n            .subsection {\n                padding: 15px;\n                padding-left: 15px;\n            }\n            \n            .step-item {\n                flex-direction: column;\n                text-align: center;\n            }\n            \n            .step-number {\n                margin: 0 0 10px 0;\n            }\n        }\n    <\/style>\n\n    <div class=\"golfprizes-policy\">\n        <!-- Ch\u00ednh s\u00e1ch ki\u1ec3m h\u00e0ng -->\n        <div class=\"policy-section\">\n            <h2 class=\"section-header\">CH\u00cdNH S\u00c1CH KI\u1ec2M H\u00c0NG<\/h2>\n            <div class=\"section-content\">\n                <div class=\"policy-text\">\n                    \u0110\u1ec3 quy\u1ec1n l\u1ee3i c\u1ee7a kh\u00e1ch h\u00e0ng \u0111\u01b0\u1ee3c b\u1ea3o v\u1ec7 t\u1ed1i \u0111a khi tham gia mua s\u1eafm tr\u00ean <strong>golfprizes.vn<\/strong>, ch\u00fang t\u00f4i c\u00f3 ch\u00ednh s\u00e1ch h\u1ed7 tr\u1ee3 kh\u00e1ch h\u00e0ng \u0111\u01b0\u1ee3c ki\u1ec3m tra, xem h\u00e0ng, \u0111\u1ed3ng ki\u1ec3m v\u1edbi nh\u00e2n vi\u00ean giao h\u00e0ng khi nh\u1eadn h\u00e0ng.\n                <\/div>\n\n                <div class=\"subsection\">\n                    <h3 class=\"subsection-title\">Quy\u1ec1n ki\u1ec3m tra s\u1ea3n ph\u1ea9m<\/h3>\n                    <div class=\"policy-text\">\n                        Khi b\u1ea1n nh\u1eadn \u0111\u01b0\u1ee3c g\u00f3i h\u00e0ng t\u1eeb nh\u00e2n vi\u00ean giao h\u00e0ng, b\u1ea1n \u0111\u01b0\u1ee3c ph\u00e9p m\u1edf ra \u0111\u1ec3 ki\u1ec3m tra ngo\u1ea1i quan v\u1ec1 s\u1ea3n ph\u1ea9m tr\u01b0\u1edbc khi thanh to\u00e1n.\n                    <\/div>\n                    \n                    <div class=\"conditions-list\">\n                        <div class=\"condition-item\">Xem s\u1ea3n ph\u1ea9m c\u00f3 \u0111\u00fang nh\u01b0 Qu\u00fd kh\u00e1ch \u0111\u00e3 \u0111\u1eb7t h\u00e0ng kh\u00f4ng?<\/div>\n                        <div class=\"condition-item\">S\u1ed1 l\u01b0\u1ee3ng, ph\u00e2n lo\u1ea1i h\u00e0ng h\u00f3a c\u00f3 gi\u1ed1ng v\u1edbi m\u00f4 t\u1ea3 kh\u00f4ng?<\/div>\n                        <div class=\"condition-item\">S\u1ea3n ph\u1ea9m c\u00f3 b\u1ecb l\u1ed7i, sai s\u1ea3n ph\u1ea9m, th\u1ea5t tho\u00e1t trong qu\u00e1 tr\u00ecnh v\u1eadn chuy\u1ec3n kh\u00f4ng?<\/div>\n                    <\/div>\n\n                    <div class=\"highlight-box\">\n                        <div class=\"policy-text\">\n                            <strong>L\u01b0u \u00fd:<\/strong> Vi\u1ec7c ki\u1ec3m tra s\u1ebd kh\u00f4ng bao g\u1ed3m th\u1eed \u0111\u1ed3.\n                        <\/div>\n                    <\/div>\n                <\/div>\n\n                <div class=\"subsection\">\n                    <h3 class=\"subsection-title\">Quy\u1ec1n t\u1eeb ch\u1ed1i nh\u1eadn h\u00e0ng<\/h3>\n                    <div class=\"policy-text\">\n                        N\u1ebfu khi \u0111\u1ed3ng ki\u1ec3m Qu\u00fd kh\u00e1ch th\u1ea5y s\u1ea3n ph\u1ea9m c\u00f3 d\u1ea5u hi\u1ec7u h\u01b0 h\u1ecfng, qu\u00e1 h\u1ea1n s\u1eed d\u1ee5ng ho\u1eb7c kh\u00f4ng \u0111\u00fang m\u00f4 t\u1ea3 \u0111\u01b0\u1ee3c c\u00f4ng b\u1ed1 tr\u00ean website golfprizes.vn, Qu\u00fd kh\u00e1ch c\u00f3 quy\u1ec1n t\u1eeb ch\u1ed1i nh\u1eadn h\u00e0ng.\n                    <\/div>\n                    \n                    <div class=\"policy-text\">\n                        N\u1ebfu th\u00f9ng h\u00e0ng\/g\u00f3i h\u00e0ng c\u00f3 d\u1ea5u hi\u1ec7u \u0111\u00e3 b\u1ecb b\u00f3c, x\u00e9, d\u1ea5u ni\u00eam phong kh\u00f4ng c\u00f2n nguy\u00ean v\u1eb9n th\u00ec Qu\u00fd kh\u00e1ch c\u00f3 quy\u1ec1n t\u1eeb ch\u1ed1i nh\u1eadn h\u00e0ng ho\u1eb7c y\u00eau c\u1ea7u nh\u00e2n vi\u00ean giao h\u00e0ng m\u1edf cho ki\u1ec3m tra s\u1ea3n ph\u1ea9m b\u00ean trong.\n                    <\/div>\n\n                    <div class=\"highlight-box\">\n                        <div class=\"policy-text\">\n                            Trong m\u1ed9t s\u1ed1 tr\u01b0\u1eddng h\u1ee3p, t\u1ed1t nh\u1ea5t l\u00e0 Qu\u00fd kh\u00e1ch kh\u00f4ng n\u00ean nh\u1eadn h\u00e0ng n\u1ebfu th\u00f9ng h\u00e0ng \u0111\u00e3 b\u1ecb r\u00e1ch ho\u1eb7c c\u00f3 d\u1ea5u hi\u1ec7u b\u00f3c, x\u00e9 t\u1eeb tr\u01b0\u1edbc v\u00ec s\u1ea3n ph\u1ea9m c\u00f3 nguy c\u01a1 b\u1ecb tr\u00e1o \u0111\u1ed5i.\n                        <\/div>\n                    <\/div>\n                <\/div>\n\n                <div class=\"subsection\">\n                    <h3 class=\"subsection-title\">Ph\u00ed ki\u1ec3m h\u00e0ng<\/h3>\n                    <div class=\"policy-text\">\n                        Ph\u00ed ki\u1ec3m h\u00e0ng s\u1ebd \u0111\u01b0\u1ee3c \u0111\u01a1n v\u1ecb v\u1eadn chuy\u1ec3n quy \u0111\u1ecbnh c\u1ee5 th\u1ec3 v\u00e0 s\u1ebd th\u1ec3 hi\u1ec7n r\u00f5 tr\u00ean phi\u1ebfu giao h\u00e0ng.\n                    <\/div>\n                <\/div>\n            <\/div>\n        <\/div>\n\n        <!-- Ch\u00ednh s\u00e1ch \u0111\u1ed5i tr\u1ea3 -->\n        <div class=\"policy-section\">\n            <h2 class=\"section-header\">CH\u00cdNH S\u00c1CH \u0110\u1ed4I TR\u1ea2<\/h2>\n            <div class=\"section-content\">\n                <div class=\"policy-text\">\n                    \u0110\u1ec3 \u0111\u1ea3m b\u1ea3o ch\u1ea5t l\u01b0\u1ee3ng d\u1ecbch v\u1ee5 v\u00e0 \u0111em l\u1ea1i cho Qu\u00fd Kh\u00e1ch nh\u1eefng tr\u1ea3i nghi\u1ec7m t\u1ed1t nh\u1ea5t v\u1edbi s\u1ea3n ph\u1ea9m, <strong>golfprizes.vn<\/strong> \u00e1p d\u1ee5ng ch\u00ednh s\u00e1ch \u0111\u1ed5i tr\u1ea3 v\u1edbi c\u00e1c tr\u01b0\u1eddng h\u1ee3p sau:\n                <\/div>\n\n                <div class=\"subsection\">\n                    <h3 class=\"subsection-title\">1. \u0110\u1ed5i - Tr\u1ea3 do Nh\u1ea7m, Thi\u1ebfu S\u1ea3n Ph\u1ea9m<\/h3>\n                    <div class=\"policy-text\">\n                        Khi Qu\u00fd Kh\u00e1ch nh\u1eadn \u0111\u01b0\u1ee3c s\u1ea3n ph\u1ea9m kh\u00f4ng \u0111\u00fang v\u1edbi \u0111\u01a1n h\u00e0ng \u0111\u00e3 \u0111\u1eb7t (nh\u1ea7m s\u1ea3n ph\u1ea9m ho\u1eb7c thi\u1ebfu s\u1ea3n ph\u1ea9m), Qu\u00fd Kh\u00e1ch vui l\u00f2ng ph\u1ea3n h\u1ed3i l\u1ea1i ngay cho golfprizes.vn trong v\u00f2ng <strong>24 gi\u1edd<\/strong> (k\u1ec3 t\u1eeb l\u00fac \u0111\u01a1n h\u00e0ng giao t\u1edbi \u0111\u1ecba ch\u1ec9 y\u00eau c\u1ea7u).\n                    <\/div>\n                <\/div>\n\n                <div class=\"subsection\">\n                    <h3 class=\"subsection-title\">2. \u0110\u1ed5i - Tr\u1ea3 S\u1ea3n Ph\u1ea9m L\u1ed7i Do Qu\u00e1 Tr\u00ecnh V\u1eadn Chuy\u1ec3n<\/h3>\n                    <div class=\"policy-text\">\n                        Trong qu\u00e1 tr\u00ecnh v\u1eadn chuy\u1ec3n, s\u1ebd x\u1ea3y ra m\u1ed9t s\u1ed1 r\u1ee7i ro ph\u00e1t sinh \u0111\u1ed5 v\u1ee1 h\u01b0 h\u1ecfng s\u1ea3n ph\u1ea9m, m\u1ed1p m\u00e9o bao b\u00ec, s\u1ea3n ph\u1ea9m c\u00f3 d\u1ea5u hi\u1ec7u b\u1ecb r\u00f2 r\u1ec9, \u1ea3nh h\u01b0\u1edfng \u0111\u1ebfn c\u1ea3m nh\u1eadn v\u00e0 tr\u1ea3i nghi\u1ec7m s\u1ea3n ph\u1ea9m.\n                    <\/div>\n                <\/div>\n\n                <div class=\"subsection\">\n                    <h3 class=\"subsection-title\">3. \u0110i\u1ec1u ki\u1ec7n \u0111\u1ed5i tr\u1ea3<\/h3>\n                    <div class=\"conditions-list\">\n                        <div class=\"condition-item\">S\u1ea3n ph\u1ea9m ch\u01b0a qua s\u1eed d\u1ee5ng, c\u00f2n nguy\u00ean bao b\u00ec \u0111\u00f3ng g\u00f3i<\/div>\n                        <div class=\"condition-item\">\u0110\u1ea7y \u0111\u1ee7 ph\u1ee5 ki\u1ec7n, tem c\u00f9ng qu\u00e0 t\u1eb7ng k\u00e8m (n\u1ebfu c\u00f3)<\/div>\n                        <div class=\"condition-item\">Bao b\u00ec s\u1ea3n ph\u1ea9m kh\u00f4ng b\u1ecb b\u1ec5, v\u1ee1, ho\u1eb7c c\u00f3 d\u1ea5u hi\u1ec7u b\u1ea3o qu\u1ea3n kh\u00f4ng \u0111\u00fang<\/div>\n                        <div class=\"condition-item\">Th\u1eddi gian th\u00f4ng b\u00e1o: 24h k\u1ec3 t\u1eeb th\u1eddi \u0111i\u1ec3m nh\u1eadn h\u00e0ng<\/div>\n                        <div class=\"condition-item\">Ch\u1ee5p \u1ea3nh v\u00e0 ph\u1ea3n h\u1ed3i ngay khi ph\u00e1t hi\u1ec7n h\u01b0 h\u1ea1i<\/div>\n                    <\/div>\n\n                    <div class=\"highlight-box\">\n                        <div class=\"policy-text\">\n                            <strong>Mi\u1ec5n ph\u00ed v\u1eadn chuy\u1ec3n:<\/strong> Qu\u00fd kh\u00e1ch s\u1ebd kh\u00f4ng b\u1ecb t\u00ednh b\u1ea5t k\u1ef3 chi ph\u00ed n\u00e0o, c\u1ea3 ph\u00ed v\u1eadn chuy\u1ec3n g\u1eedi v\u1ec1 cho golfprizes.vn v\u1edbi s\u1ea3n ph\u1ea9m \u0111\u1ed5i tr\u1ea3 do nh\u1ea7m\/thi\u1ebfu s\u1ea3n ph\u1ea9m v\u00e0 l\u1ed7i do v\u1eadn chuy\u1ec3n.\n                        <\/div>\n                    <\/div>\n                <\/div>\n\n                <div class=\"no-return-section\">\n                    <div class=\"subsection\">\n                        <h3 class=\"subsection-title\">Tr\u01b0\u1eddng h\u1ee3p KH\u00d4NG \u00e1p d\u1ee5ng ch\u00ednh s\u00e1ch \u0111\u1ed5i tr\u1ea3<\/h3>\n                        <div class=\"conditions-list\">\n                            <div class=\"condition-item\">Y\u00eau c\u1ea7u \u0111\u1ed5i tr\u1ea3 kh\u00f4ng \u0111\u00e1p \u1ee9ng \u0111i\u1ec1u ki\u1ec7n \u0111\u00e3 quy \u0111\u1ecbnh<\/div>\n                            <div class=\"condition-item\">Qu\u00e1 th\u1eddi h\u1ea1n \u0111\u1ed5i tr\u1ea3 s\u1ea3n ph\u1ea9m<\/div>\n                            <div class=\"condition-item\">Qu\u00fd Kh\u00e1ch vui l\u00f2ng \u0111\u1ecdc k\u1ef9 h\u01b0\u1edbng d\u1eabn s\u1eed d\u1ee5ng<\/div>\n                        <\/div>\n                    <\/div>\n                <\/div>\n\n                <div class=\"steps-container\">\n                    <h3 style=\"text-align: center; color: #2c5530; margin-bottom: 25px; font-size: 20px;\">C\u00c1C B\u01af\u1edaC TH\u1ef0C HI\u1ec6N \u0110\u1ed4I - TR\u1ea2<\/h3>\n                    \n                    <div class=\"step-item\">\n                        <div class=\"step-number\">1<\/div>\n                        <div class=\"step-content\">\n                            <div class=\"step-title\">Ki\u1ec3m tra \u0111i\u1ec1u ki\u1ec7n \u0111\u1ed5i tr\u1ea3 s\u1ea3n ph\u1ea9m<\/div>\n                            <div class=\"policy-text\">Qu\u00fd Kh\u00e1ch ki\u1ec3m tra \u0111i\u1ec1u ki\u1ec7n \u0111\u1ed5i tr\u1ea3 s\u1ea3n ph\u1ea9m \u1ee9ng v\u1edbi t\u1eebng tr\u01b0\u1eddng h\u1ee3p: \u0111\u1ed5i tr\u1ea3 do nh\u1ea7m\/thi\u1ebfu s\u1ea3n ph\u1ea9m ho\u1eb7c l\u1ed7i do qu\u00e1 tr\u00ecnh v\u1eadn chuy\u1ec3n.<\/div>\n                        <\/div>\n                    <\/div>\n\n                    <div class=\"step-item\">\n                        <div class=\"step-number\">2<\/div>\n                        <div class=\"step-content\">\n                            <div class=\"step-title\">Th\u00f4ng b\u00e1o \u0111\u1ebfn golfprizes.vn<\/div>\n                            <div class=\"contact-info\">\n                                <strong>Hotline: 088 608 1842<\/strong><br>\n                                <strong>Email: info@golfprizes.vn<\/strong>\n                            <\/div>\n                            <div class=\"policy-text\">Cung c\u1ea5p th\u00f4ng tin: li\u00ean l\u1ea1c, t\u00ean s\u1ea3n ph\u1ea9m c\u1ea7n \u0111\u1ed5i\/tr\u1ea3, l\u00fd do \u0111\u1ed5i\/tr\u1ea3, nhu c\u1ea7u h\u1ed7 tr\u1ee3.<\/div>\n                        <\/div>\n                    <\/div>\n\n                    <div class=\"step-item\">\n                        <div class=\"step-number\">3<\/div>\n                        <div class=\"step-content\">\n                            <div class=\"step-title\">golfprizes.vn x\u00e1c nh\u1eadn th\u00f4ng tin<\/div>\n                            <div class=\"policy-text\">Sau khi y\u00eau c\u1ea7u \u0111\u1ed5i tr\u1ea3 \u0111\u01b0\u1ee3c ch\u1ea5p nh\u1eadn, golfprizes.vn s\u1ebd g\u1eedi th\u00f4ng b\u00e1o g\u1eedi s\u1ea3n ph\u1ea9m v\u1ec1 th\u00f4ng qua \u0111\u1ed1i t\u00e1c v\u1eadn chuy\u1ec3n.<\/div>\n                        <\/div>\n                    <\/div>\n\n                    <div class=\"step-item\">\n                        <div class=\"step-number\">4<\/div>\n                        <div class=\"step-content\">\n                            <div class=\"step-title\">G\u1eedi h\u00e0ng v\u1ec1 golfprizes.vn<\/div>\n                            <div class=\"policy-text\">\u0110\u00f3ng g\u00f3i c\u1ea9n th\u1eadn s\u1ea3n ph\u1ea9m v\u00e0 giao cho \u0111\u1ed1i t\u00e1c v\u1eadn chuy\u1ec3n ho\u1eb7c mang \u0111\u1ebfn b\u01b0u \u0111i\u1ec7n g\u1ea7n nh\u1ea5t n\u1ebfu n\u1eb1m ngo\u00e0i khu v\u1ef1c ph\u1ee5c v\u1ee5.<\/div>\n                            <div class=\"highlight-box\">\n                                <div class=\"policy-text\">\n                                    <strong>L\u01b0u \u00fd:<\/strong> golfprizes.vn s\u1ebd t\u1eeb ch\u1ed1i s\u1ea3n ph\u1ea9m b\u1ecb h\u01b0 h\u1ea1i do l\u1ed7i \u0111\u00f3ng g\u00f3i s\u01a1 s\u00e0i.\n                                <\/div>\n                            <\/div>\n                        <\/div>\n                    <\/div>\n\n                    <div class=\"step-item\">\n                        <div class=\"step-number\">5<\/div>\n                        <div class=\"step-content\">\n                            <div class=\"step-title\">Th\u1eddi gian v\u00e0 ph\u1ea3n h\u1ed3i<\/div>\n                            <div class=\"policy-text\">Sau khi nh\u1eadn \u0111\u01b0\u1ee3c s\u1ea3n ph\u1ea9m, golfprizes.vn s\u1ebd ph\u1ea3n h\u1ed3i v\u00e0 c\u1eadp nh\u1eadt th\u00f4ng tin \u0111\u1ed5i\/tr\u1ea3, th\u1eddi gian th\u1ef1c hi\u1ec7n t\u1eebng giai \u0111o\u1ea1n x\u1eed l\u00fd.<\/div>\n                        <\/div>\n                    <\/div>\n                <\/div>\n            <\/div>\n        <\/div>\n    <\/div><\/div>\n\t\t\t\t\t\t<\/div>\n\t\t\t\t<\/div>\n\t\t\t\t\t<\/div>\n\t\t\t\t<\/div>\n\t\t\t\t<\/div>\n\t\t","protected":false},"excerpt":{"rendered":"<p>Ch\u00ednh s\u00e1ch ki\u1ec3m h\u00e0ng, \u0111\u1ed5i tr\u1ea3 CH\u00cdNH S\u00c1CH KI\u1ec2M H\u00c0NG \u0110\u1ec3 quy\u1ec1n l\u1ee3i c\u1ee7a kh\u00e1ch h\u00e0ng \u0111\u01b0\u1ee3c b\u1ea3o v\u1ec7 t\u1ed1i \u0111a khi tham gia mua s\u1eafm tr\u00ean golfprizes.vn, ch\u00fang t\u00f4i&hellip;<\/p>\n","protected":false},"author":3,"featured_media":0,"parent":0,"menu_order":0,"comment_status":"closed","ping_status":"closed","template":"","meta":{"footnotes":""},"class_list":["post-27021","page","type-page","status-publish","hentry"],"_links":{"self":[{"href":"https:\/\/golfprizes.vn\/vi\/wp-json\/wp\/v2\/pages\/27021","targetHints":{"allow":["GET"]}}],"collection":[{"href":"https:\/\/golfprizes.vn\/vi\/wp-json\/wp\/v2\/pages"}],"about":[{"href":"https:\/\/golfprizes.vn\/vi\/wp-json\/wp\/v2\/types\/page"}],"author":[{"embeddable":true,"href":"https:\/\/golfprizes.vn\/vi\/wp-json\/wp\/v2\/users\/3"}],"replies":[{"embeddable":true,"href":"https:\/\/golfprizes.vn\/vi\/wp-json\/wp\/v2\/comments?post=27021"}],"version-history":[{"count":7,"href":"https:\/\/golfprizes.vn\/vi\/wp-json\/wp\/v2\/pages\/27021\/revisions"}],"predecessor-version":[{"id":27028,"href":"https:\/\/golfprizes.vn\/vi\/wp-json\/wp\/v2\/pages\/27021\/revisions\/27028"}],"wp:attachment":[{"href":"https:\/\/golfprizes.vn\/vi\/wp-json\/wp\/v2\/media?parent=27021"}],"curies":[{"name":"wp","href":"https:\/\/api.w.org\/{rel}","templated":true}]}}