{"id":27008,"date":"2025-06-30T10:25:20","date_gmt":"2025-06-30T03:25:20","guid":{"rendered":"https:\/\/golfprizes.vn\/?page_id=27008"},"modified":"2025-11-05T10:45:09","modified_gmt":"2025-11-05T03:45:09","slug":"giaonhan","status":"publish","type":"page","link":"https:\/\/golfprizes.vn\/vi\/giaonhan\/","title":{"rendered":"CH\u00cdNH S\u00c1CH GIAO NH\u1eacN V\u00c0 V\u1eacN CHUY\u1ec2N H\u00c0NG H\u00d3A\u00a0"},"content":{"rendered":"\t\t<div data-elementor-type=\"wp-page\" data-elementor-id=\"27008\" class=\"elementor elementor-27008\" data-elementor-post-type=\"page\">\n\t\t\t\t<div class=\"elementor-element elementor-element-b14a232 e-flex e-con-boxed sc_layouts_column_icons_position_left e-con e-parent\" data-id=\"b14a232\" data-element_type=\"container\">\n\t\t\t\t\t<div class=\"e-con-inner\">\n\t\t\t\t<div class=\"elementor-element elementor-element-ce97b17 sc_fly_static elementor-widget elementor-widget-spacer\" data-id=\"ce97b17\" data-element_type=\"widget\" data-widget_type=\"spacer.default\">\n\t\t\t\t<div class=\"elementor-widget-container\">\n\t\t\t\t\t\t\t<div class=\"elementor-spacer\">\n\t\t\t<div class=\"elementor-spacer-inner\"><\/div>\n\t\t<\/div>\n\t\t\t\t\t\t<\/div>\n\t\t\t\t<\/div>\n\t\t\t\t\t<\/div>\n\t\t\t\t<\/div>\n\t\t<div class=\"elementor-element elementor-element-59d6055 e-flex e-con-boxed sc_layouts_column_icons_position_left e-con e-parent\" data-id=\"59d6055\" data-element_type=\"container\">\n\t\t\t\t\t<div class=\"e-con-inner\">\n\t\t\t\t<div class=\"elementor-element elementor-element-41ee368 sc_fly_static elementor-widget elementor-widget-heading\" data-id=\"41ee368\" data-element_type=\"widget\" data-widget_type=\"heading.default\">\n\t\t\t\t<div class=\"elementor-widget-container\">\n\t\t\t\t\t<h2 class=\"elementor-heading-title elementor-size-default\">CH\u00cdNH S\u00c1CH GIAO NH\u1eacN V\u00c0 V\u1eacN CHUY\u1ec2N H\u00c0NG H\u00d3A <\/h2>\t\t\t\t<\/div>\n\t\t\t\t<\/div>\n\t\t\t\t\t<\/div>\n\t\t\t\t<\/div>\n\t\t<div class=\"elementor-element elementor-element-df84539 e-flex e-con-boxed sc_layouts_column_icons_position_left e-con e-parent\" data-id=\"df84539\" data-element_type=\"container\">\n\t\t\t\t\t<div class=\"e-con-inner\">\n\t\t\t\t<div class=\"elementor-element elementor-element-1f68c0a sc_fly_static elementor-widget elementor-widget-shortcode\" data-id=\"1f68c0a\" data-element_type=\"widget\" data-widget_type=\"shortcode.default\">\n\t\t\t\t<div class=\"elementor-widget-container\">\n\t\t\t\t\t\t\t<div class=\"elementor-shortcode\"><style>\n  .terms-container {\n    font-family: 'Segoe UI', Tahoma, Geneva, Verdana, sans-serif;\n    max-width: 800px;\n    margin: 0 auto;\n    padding: 20px;\n    line-height: 1.6;\n    color: #333;\n  }\n\n  .terms-header {\n    text-align: center;\n    margin-bottom: 30px;\n    padding-bottom: 20px;\n    border-bottom: 3px solid #007bff;\n  }\n\n  .terms-title {\n    margin: 0;\n    font-size: 28px;\n    font-weight: 700;\n    color: #007bff;\n    text-transform: uppercase;\n    letter-spacing: 1px;\n  }\n\n  \/* Terms Content Styling *\/\n  .terms-content h3 {\n    color: #007bff;\n    font-size: 18px;\n    font-weight: 600;\n    margin: 24px 0 12px 0;\n    padding-bottom: 8px;\n    border-bottom: 2px solid #007bff;\n  }\n\n  .terms-content h4 {\n    color: #333;\n    font-size: 16px;\n    font-weight: 600;\n    margin: 20px 0 10px 0;\n  }\n\n  .terms-content ul {\n    margin: 12px 0;\n    padding-left: 20px;\n  }\n\n  .terms-content li {\n    margin: 8px 0;\n    line-height: 1.6;\n  }\n\n  .terms-content p {\n    margin: 10px 0;\n  }\n\n  .contact-info {\n    background: #f8f9fa;\n    padding: 20px;\n    border-radius: 8px;\n    margin-top: 20px;\n    border-left: 4px solid #007bff;\n  }\n\n  .contact-info h4 {\n    color: #007bff;\n    margin-top: 0;\n  }\n\n  .contact-info p {\n    margin: 8px 0;\n  }\n\n  .highlight {\n    background: #fff3cd;\n    padding: 12px;\n    border-radius: 6px;\n    border-left: 4px solid #ffc107;\n    margin: 15px 0;\n  }\n<\/style>\n\n<div class=\"terms-container\">\n  <div class=\"terms-header\">\n    <h2 class=\"terms-title\">\u0110i\u1ec1u kho\u1ea3n v\u00e0 \u0110i\u1ec1u ki\u1ec7n<\/h2>\n  <\/div>\n\n  <div class=\"terms-content\">\n    <h3>I. H\u00ccNH TH\u1ee8C GIAO NH\u1eacN<\/h3>\n    <ul>\n      <li>Ch\u00fang t\u00f4i s\u1ebd c\u00f3 nh\u00e2n vi\u00ean giao h\u00e0ng tr\u1ef1c ti\u1ebfp \u0111\u1ebfn Qu\u00fd kh\u00e1ch.<\/li>\n      <li>Ho\u1eb7c ch\u00fang t\u00f4i li\u00ean k\u1ebft v\u1edbi b\u00ean th\u1ee9 ba (chuy\u1ec3n ph\u00e1t nhanh) th\u1ef1c hi\u1ec7n giao h\u00e0ng \u0111\u1ebfn Qu\u00fd kh\u00e1ch.<\/li>\n    <\/ul>\n\n    <h3>II. N\u1ed8I DUNG<\/h3>\n\n    <h4>1\/ Nh\u00e2n vi\u00ean giao h\u00e0ng<\/h4>\n    <ul>\n      <li>Trong v\u00f2ng b\u00e1n k\u00ednh 5km, nh\u00e2n vi\u00ean ch\u00fang t\u00f4i s\u1ebd giao h\u00e0ng tr\u1ef1c ti\u1ebfp \u0111\u1ebfn Qu\u00fd kh\u00e1ch.<\/li>\n      <li>Th\u1eddi gian: trong v\u00f2ng 3 ng\u00e0y k\u1ec3 t\u1eeb khi ch\u1ed1t \u0111\u01a1n h\u00e0ng. Khung gi\u1edd t\u1eeb 8h30 - 17h30 h\u00e0ng ng\u00e0y.<\/li>\n      <li>Chi ph\u00ed giao h\u00e0ng: th\u1ecfa thu\u1eadn gi\u1eefa 2 b\u00ean.<\/li>\n    <\/ul>\n\n    <h4>2\/ \u0110\u01a1n v\u1ecb v\u1eadn chuy\u1ec3n th\u1ee9 ba<\/h4>\n    <ul>\n      <li>V\u1eadn chuy\u1ec3n h\u00e0ng h\u00f3a tr\u00ean to\u00e0n qu\u1ed1c.<\/li>\n      <li>C\u00e1ch th\u1ee9c giao h\u00e0ng: ch\u00fang t\u00f4i l\u1ef1a ch\u1ecdn \u0111\u01a1n v\u1ecb th\u1ee9 ba chuy\u1ec3n ph\u00e1t nhanh uy t\u00edn giao h\u00e0ng \u0111\u1ebfn Qu\u00fd kh\u00e1ch.<\/li>\n      <li>Th\u1eddi gian giao h\u00e0ng t\u1edbi \u0111\u1ecba \u0111i\u1ec3m kh\u00e1ch h\u00e0ng y\u00eau c\u1ea7u theo ch\u1ec9 ti\u00eau v\u1ec1 th\u1eddi gian giao h\u00e0ng c\u1ee7a nh\u00e0 cung c\u1ea5p d\u1ecbch\n        v\u1ee5.<\/li>\n      <li>Chi ph\u00ed giao h\u00e0ng: theo chi ph\u00ed c\u1ee7a \u0111\u01a1n v\u1ecb v\u1eadn chuy\u1ec3n th\u1ee9 ba. Kh\u00e1ch h\u00e0ng thanh to\u00e1n ph\u00ed v\u1eadn chuy\u1ec3n ho\u1eb7c theo\n        th\u1ecfa thu\u1eadn kh\u00e1c gi\u1eefa c\u00e1c b\u00ean.<\/li>\n    <\/ul>\n\n    <h3>III. CH\u00cdNH S\u00c1CH CHUNG<\/h3>\n    <ul>\n      <li>Qu\u00fd kh\u00e1ch ki\u1ec3m tra h\u00e0ng tr\u01b0\u1edbc khi nh\u1eadn. Sau khi k\u00fd x\u00e1c nh\u1eadn \u0111\u00e3 nh\u1eadn \u0111\u1ea7y \u0111\u1ee7 h\u00e0ng, ch\u00fang t\u00f4i kh\u00f4ng ch\u1ecbu tr\u00e1ch\n        nhi\u1ec7m n\u1ebfu c\u00f3 thi\u1ebfu s\u00f3t, c\u0169ng nh\u01b0 khi\u1ebfu n\u1ea1i sau \u0111\u00f3.<\/li>\n      <li>H\u00ecnh th\u1ee9c thanh to\u00e1n: theo th\u1ecfa thu\u1eadn ph\u01b0\u01a1ng th\u1ee9c thanh to\u00e1n gi\u1eefa c\u00e1c b\u00ean.<\/li>\n      <li>Ch\u00ednh s\u00e1ch b\u1ea3o h\u00e0nh: theo ch\u00ednh s\u00e1ch b\u1ea3o h\u00e0nh \u0111i k\u00e8m h\u1ee3p \u0111\u1ed3ng (n\u1ebfu c\u00f3).<\/li>\n      <li>H\u00e0ng h\u00f3a s\u1ebd \u0111i k\u00e8m phi\u1ebfu b\u1ea3o h\u00e0nh (n\u1ebfu c\u00f3), th\u00f4ng tin s\u1ea3n ph\u1ea9m, v\u00e0 c\u00e1c ch\u1ee9ng t\u1eeb kh\u00e1c (n\u1ebfu c\u00f3).<\/li>\n      <li>H\u00f3a \u0111\u01a1n VAT s\u1ebd do C\u00f4ng ty C\u1ed5 Ph\u1ea7n \u0110\u1ea7u T\u01b0 VGP Vi\u1ec7t Nam (VGP) xu\u1ea5t v\u00e0 g\u1eedi v\u1ec1 mail qu\u00fd kh\u00e1ch.<\/li>\n    <\/ul>\n\n    <div class=\"highlight\">\n      <p><strong>L\u01b0u \u00fd:<\/strong> Tr\u01b0\u1eddng h\u1ee3p ph\u00e1t sinh ch\u1eadm tr\u1ec5 trong qu\u00e1 tr\u00ecnh giao h\u00e0ng ch\u00fang t\u00f4i s\u1ebd th\u00f4ng b\u00e1o \u0111\u1ebfn qu\u00fd\n        kh\u00e1ch qua mail v\u00e0 \u0111i\u1ec7n tho\u1ea1i, tr\u01b0\u1eddng h\u1ee3p qu\u00fd kh\u00e1ch mu\u1ed1n ho\u00e0n ph\u00ed ch\u00fang t\u00f4i ho\u00e0n ph\u00ed l\u1ea1i qu\u00fd kh\u00e1ch.<\/p>\n    <\/div>\n\n    <div class=\"contact-info\">\n      <h4>Th\u00f4ng tin li\u00ean h\u1ec7<\/h4>\n      <p>Qu\u00fd kh\u00e1ch c\u00f3 nhu c\u1ea7u v\u1ec1 mua h\u00e0ng vui l\u00f2ng li\u00ean h\u1ec7:<\/p>\n      <p><strong>C\u00f4ng ty C\u1ed5 Ph\u1ea7n \u0110\u1ea7u T\u01b0 VGP Vi\u1ec7t Nam (VGP)<\/strong><\/p>\n      <p><strong>\u0110\u1ecba ch\u1ec9:<\/strong> 188BB7 \u0110\u01b0\u1eddng Nguy\u1ec5n V\u0103n H\u01b0\u1edfng, Ph\u01b0\u1eddng An Kh\u00e1nh, TP. H\u1ed3 Ch\u00ed Minh, Vi\u1ec7t Nam<\/p>\n      <p><strong>Hotline:<\/strong> 088 608 1842<\/p>\n      <p><strong>Email:<\/strong> info@golfprizes.vn<\/p>\n    <\/div>\n  <\/div>\n<\/div><\/div>\n\t\t\t\t\t\t<\/div>\n\t\t\t\t<\/div>\n\t\t\t\t\t<\/div>\n\t\t\t\t<\/div>\n\t\t\t\t<\/div>\n\t\t","protected":false},"excerpt":{"rendered":"<p>CH\u00cdNH S\u00c1CH GIAO NH\u1eacN V\u00c0 V\u1eacN CHUY\u1ec2N H\u00c0NG H\u00d3A \u0110i\u1ec1u kho\u1ea3n v\u00e0 \u0110i\u1ec1u ki\u1ec7n I. H\u00ccNH TH\u1ee8C GIAO NH\u1eacN Ch\u00fang t\u00f4i s\u1ebd c\u00f3 nh\u00e2n vi\u00ean giao h\u00e0ng tr\u1ef1c ti\u1ebfp \u0111\u1ebfn&hellip;<\/p>\n","protected":false},"author":3,"featured_media":0,"parent":0,"menu_order":0,"comment_status":"closed","ping_status":"closed","template":"","meta":{"footnotes":""},"class_list":["post-27008","page","type-page","status-publish","hentry"],"_links":{"self":[{"href":"https:\/\/golfprizes.vn\/vi\/wp-json\/wp\/v2\/pages\/27008","targetHints":{"allow":["GET"]}}],"collection":[{"href":"https:\/\/golfprizes.vn\/vi\/wp-json\/wp\/v2\/pages"}],"about":[{"href":"https:\/\/golfprizes.vn\/vi\/wp-json\/wp\/v2\/types\/page"}],"author":[{"embeddable":true,"href":"https:\/\/golfprizes.vn\/vi\/wp-json\/wp\/v2\/users\/3"}],"replies":[{"embeddable":true,"href":"https:\/\/golfprizes.vn\/vi\/wp-json\/wp\/v2\/comments?post=27008"}],"version-history":[{"count":13,"href":"https:\/\/golfprizes.vn\/vi\/wp-json\/wp\/v2\/pages\/27008\/revisions"}],"predecessor-version":[{"id":27164,"href":"https:\/\/golfprizes.vn\/vi\/wp-json\/wp\/v2\/pages\/27008\/revisions\/27164"}],"wp:attachment":[{"href":"https:\/\/golfprizes.vn\/vi\/wp-json\/wp\/v2\/media?parent=27008"}],"curies":[{"name":"wp","href":"https:\/\/api.w.org\/{rel}","templated":true}]}}