{"id":26799,"date":"2025-06-20T11:46:19","date_gmt":"2025-06-20T04:46:19","guid":{"rendered":"https:\/\/golfprizes.vn\/cart\/"},"modified":"2025-06-20T14:53:58","modified_gmt":"2025-06-20T07:53:58","slug":"cart","status":"publish","type":"page","link":"https:\/\/golfprizes.vn\/vi\/cart\/","title":{"rendered":"Cart"},"content":{"rendered":"\t\t<div data-elementor-type=\"wp-page\" data-elementor-id=\"26799\" class=\"elementor elementor-26799\" data-elementor-post-type=\"page\">\n\t\t\t\t<div class=\"elementor-element elementor-element-cb9b122 e-flex e-con-boxed sc_layouts_column_icons_position_left e-con e-parent\" data-id=\"cb9b122\" data-element_type=\"container\">\n\t\t\t\t\t<div class=\"e-con-inner\">\n\t\t\t\t<div class=\"elementor-element elementor-element-1a3ef2c sc_fly_static elementor-widget elementor-widget-spacer\" data-id=\"1a3ef2c\" data-element_type=\"widget\" data-widget_type=\"spacer.default\">\n\t\t\t\t<div class=\"elementor-widget-container\">\n\t\t\t\t\t\t\t<div class=\"elementor-spacer\">\n\t\t\t<div class=\"elementor-spacer-inner\"><\/div>\n\t\t<\/div>\n\t\t\t\t\t\t<\/div>\n\t\t\t\t<\/div>\n\t\t\t\t\t<\/div>\n\t\t\t\t<\/div>\n\t\t<div class=\"elementor-element elementor-element-3e55f694 e-flex e-con-boxed sc_layouts_column_icons_position_left e-con e-parent\" data-id=\"3e55f694\" data-element_type=\"container\">\n\t\t\t\t\t<div class=\"e-con-inner\">\n\t\t\t\t<div class=\"elementor-element elementor-element-203c0987 sc_fly_static elementor-widget elementor-widget-text-editor\" data-id=\"203c0987\" data-element_type=\"widget\" data-widget_type=\"text-editor.default\">\n\t\t\t\t<div class=\"elementor-widget-container\">\n\t\t\t\t\t\t\t\t\t\n<div data-block-name=\"woocommerce\/cart\" class=\"wp-block-woocommerce-cart alignwide is-loading\">\n<div data-block-name=\"woocommerce\/filled-cart-block\" class=\"wp-block-woocommerce-filled-cart-block\">\n<div data-block-name=\"woocommerce\/cart-items-block\" class=\"wp-block-woocommerce-cart-items-block\">\n<div data-block-name=\"woocommerce\/cart-line-items-block\" class=\"wp-block-woocommerce-cart-line-items-block\"><\/div>\n\n\n\n<div data-block-name=\"woocommerce\/cart-cross-sells-block\" class=\"wp-block-woocommerce-cart-cross-sells-block\">\n<h2 class=\"wp-block-heading has-large-font-size\">You may be interested in\u2026<\/h2>\n\n\n\n<div data-block-name=\"woocommerce\/cart-cross-sells-products-block\" class=\"wp-block-woocommerce-cart-cross-sells-products-block\"><\/div>\n<\/div>\n<\/div>\n\n\n\n<div data-block-name=\"woocommerce\/cart-totals-block\" class=\"wp-block-woocommerce-cart-totals-block\">\n<div data-block-name=\"woocommerce\/cart-order-summary-block\" class=\"wp-block-woocommerce-cart-order-summary-block\">\n<div data-block-name=\"woocommerce\/cart-order-summary-heading-block\" class=\"wp-block-woocommerce-cart-order-summary-heading-block\"><\/div><div data-block-name=\"woocommerce\/cart-order-summary-coupon-form-block\" class=\"wp-block-woocommerce-cart-order-summary-coupon-form-block\"><\/div><div data-block-name=\"woocommerce\/cart-order-summary-totals-block\" class=\"wp-block-woocommerce-cart-order-summary-totals-block\">\n<div data-block-name=\"woocommerce\/cart-order-summary-subtotal-block\" class=\"wp-block-woocommerce-cart-order-summary-subtotal-block\"><\/div>\n<div data-block-name=\"woocommerce\/cart-order-summary-discount-block\" class=\"wp-block-woocommerce-cart-order-summary-discount-block\"><\/div>\n<div data-block-name=\"woocommerce\/cart-order-summary-fee-block\" class=\"wp-block-woocommerce-cart-order-summary-fee-block\"><\/div>\n<div data-block-name=\"woocommerce\/cart-order-summary-shipping-block\" class=\"wp-block-woocommerce-cart-order-summary-shipping-block\"><\/div>\n<div data-block-name=\"woocommerce\/cart-order-summary-taxes-block\" class=\"wp-block-woocommerce-cart-order-summary-taxes-block\"><\/div><\/div>\n<\/div>\n\n\n\n<div data-block-name=\"woocommerce\/cart-express-payment-block\" class=\"wp-block-woocommerce-cart-express-payment-block\"><\/div>\n\n\n\n<div data-block-name=\"woocommerce\/proceed-to-checkout-block\" class=\"wp-block-woocommerce-proceed-to-checkout-block\"><\/div>\n\n\n\n<div data-block-name=\"woocommerce\/cart-accepted-payment-methods-block\" class=\"wp-block-woocommerce-cart-accepted-payment-methods-block\"><\/div>\n<\/div>\n<\/div>\n\n\n\n<div data-block-name=\"woocommerce\/empty-cart-block\" class=\"wp-block-woocommerce-empty-cart-block\">\n<h2 class=\"wp-block-heading has-text-align-center with-empty-cart-icon wc-block-cart__empty-cart__title\">Your cart is currently empty!<\/h2>\n\n\n\n<hr class=\"wp-block-separator has-alpha-channel-opacity is-style-dots\"\/>\n\n\n\n<h2 class=\"wp-block-heading has-text-align-center\">New in store<\/h2>\n\n\n<div data-block-name=\"woocommerce\/product-new\" data-columns=\"4\" data-rows=\"1\" class=\"wc-block-grid wp-block-product-new wp-block-woocommerce-product-new wc-block-product-new has-4-columns\"><ul class=\"wc-block-grid__products\"><li class=\"wc-block-grid__product\">\n\t\t\t\t<a href=\"https:\/\/golfprizes.vn\/vi\/product\/meridian-gloves-meridian-gloves\/\" class=\"wc-block-grid__product-link\">\n\t\t\t\t\t\n\t\t\t\t\t<div class=\"wc-block-grid__product-image\"><img fetchpriority=\"high\" decoding=\"async\" width=\"300\" height=\"300\" src=\"https:\/\/golfprizes.vn\/wp-content\/uploads\/2025\/06\/thumbnail_product6_1-300x300.jpg\" class=\"attachment-woocommerce_thumbnail size-woocommerce_thumbnail\" alt=\"Meridian Gloves\" srcset=\"https:\/\/golfprizes.vn\/wp-content\/uploads\/2025\/06\/thumbnail_product6_1-300x300.jpg 300w, https:\/\/golfprizes.vn\/wp-content\/uploads\/2025\/06\/thumbnail_product6_1-500x500.jpg 500w, https:\/\/golfprizes.vn\/wp-content\/uploads\/2025\/06\/thumbnail_product6_1-768x768.jpg 768w, https:\/\/golfprizes.vn\/wp-content\/uploads\/2025\/06\/thumbnail_product6_1-12x12.jpg 12w, https:\/\/golfprizes.vn\/wp-content\/uploads\/2025\/06\/thumbnail_product6_1-370x370.jpg 370w, https:\/\/golfprizes.vn\/wp-content\/uploads\/2025\/06\/thumbnail_product6_1-120x120.jpg 120w, https:\/\/golfprizes.vn\/wp-content\/uploads\/2025\/06\/thumbnail_product6_1-840x840.jpg 840w, https:\/\/golfprizes.vn\/wp-content\/uploads\/2025\/06\/thumbnail_product6_1-410x410.jpg 410w, https:\/\/golfprizes.vn\/wp-content\/uploads\/2025\/06\/thumbnail_product6_1-600x600.jpg 600w, https:\/\/golfprizes.vn\/wp-content\/uploads\/2025\/06\/thumbnail_product6_1-150x150.jpg 150w, https:\/\/golfprizes.vn\/wp-content\/uploads\/2025\/06\/thumbnail_product6_1.jpg 900w\" sizes=\"(max-width: 300px) 100vw, 300px\" \/><\/div>\n\t\t\t\t\t<div class=\"wc-block-grid__product-title\">Meridian Gloves<\/div>\n\t\t\t\t<\/a>\n\t\t\t\t<div class=\"wc-block-grid__product-price price\"><span class=\"woocommerce-Price-amount amount\">790.000&nbsp;<span class=\"woocommerce-Price-currencySymbol\">&#8363;<\/span><\/span><\/div>\n\t\t\t\t\n\t\t\t\t<div class=\"wp-block-button wc-block-grid__product-add-to-cart\"><a href=\"\/vi\/wp-json\/wp\/v2\/pages\/26799?add-to-cart=26757\" aria-label=\"Th\u00eam v\u00e0o gi\u1ecf h\u00e0ng: &ldquo;Meridian Gloves&rdquo;\" data-quantity=\"1\" data-product_id=\"26757\" data-product_sku=\"SP004\" data-price=\"790000\" rel=\"nofollow\" class=\"wp-block-button__link  add_to_cart_button ajax_add_to_cart\">Th\u00eam v\u00e0o gi\u1ecf h\u00e0ng<\/a><\/div>\n\t\t\t<\/li><li class=\"wc-block-grid__product\">\n\t\t\t\t<a href=\"https:\/\/golfprizes.vn\/vi\/product\/giay-sneaker-trang\/\" class=\"wc-block-grid__product-link\">\n\t\t\t\t\t\n\t\t\t\t\t<div class=\"wc-block-grid__product-image\"><img decoding=\"async\" width=\"300\" height=\"300\" src=\"https:\/\/golfprizes.vn\/wp-content\/uploads\/2025\/06\/thumbnail_product3_3-300x300.webp\" class=\"attachment-woocommerce_thumbnail size-woocommerce_thumbnail\" alt=\"Sneaker\" srcset=\"https:\/\/golfprizes.vn\/wp-content\/uploads\/2025\/06\/thumbnail_product3_3-300x300.webp 300w, https:\/\/golfprizes.vn\/wp-content\/uploads\/2025\/06\/thumbnail_product3_3-500x500.webp 500w, https:\/\/golfprizes.vn\/wp-content\/uploads\/2025\/06\/thumbnail_product3_3-1200x1200.webp 1200w, https:\/\/golfprizes.vn\/wp-content\/uploads\/2025\/06\/thumbnail_product3_3-768x768.webp 768w, https:\/\/golfprizes.vn\/wp-content\/uploads\/2025\/06\/thumbnail_product3_3-1536x1536.webp 1536w, https:\/\/golfprizes.vn\/wp-content\/uploads\/2025\/06\/thumbnail_product3_3-12x12.webp 12w, https:\/\/golfprizes.vn\/wp-content\/uploads\/2025\/06\/thumbnail_product3_3-370x370.webp 370w, https:\/\/golfprizes.vn\/wp-content\/uploads\/2025\/06\/thumbnail_product3_3-120x120.webp 120w, https:\/\/golfprizes.vn\/wp-content\/uploads\/2025\/06\/thumbnail_product3_3-840x840.webp 840w, https:\/\/golfprizes.vn\/wp-content\/uploads\/2025\/06\/thumbnail_product3_3-410x410.webp 410w, https:\/\/golfprizes.vn\/wp-content\/uploads\/2025\/06\/thumbnail_product3_3-600x600.webp 600w, https:\/\/golfprizes.vn\/wp-content\/uploads\/2025\/06\/thumbnail_product3_3-150x150.webp 150w, https:\/\/golfprizes.vn\/wp-content\/uploads\/2025\/06\/thumbnail_product3_3.webp 2048w\" sizes=\"(max-width: 300px) 100vw, 300px\" \/><\/div>\n\t\t\t\t\t<div class=\"wc-block-grid__product-title\">Sneaker<\/div>\n\t\t\t\t<\/a>\n\t\t\t\t<div class=\"wc-block-grid__product-price price\"><span class=\"woocommerce-Price-amount amount\">790.000&nbsp;<span class=\"woocommerce-Price-currencySymbol\">&#8363;<\/span><\/span><\/div>\n\t\t\t\t\n\t\t\t\t<div class=\"wp-block-button wc-block-grid__product-add-to-cart\"><a href=\"\/vi\/wp-json\/wp\/v2\/pages\/26799?add-to-cart=26753\" aria-label=\"Th\u00eam v\u00e0o gi\u1ecf h\u00e0ng: &ldquo;Sneaker&rdquo;\" data-quantity=\"1\" data-product_id=\"26753\" data-product_sku=\"SP003\" data-price=\"790000\" rel=\"nofollow\" class=\"wp-block-button__link  add_to_cart_button ajax_add_to_cart\">Th\u00eam v\u00e0o gi\u1ecf h\u00e0ng<\/a><\/div>\n\t\t\t<\/li><li class=\"wc-block-grid__product\">\n\t\t\t\t<a href=\"https:\/\/golfprizes.vn\/vi\/product\/tui-dung-gay-golf-ping-35545\/\" class=\"wc-block-grid__product-link\">\n\t\t\t\t\t\n\t\t\t\t\t<div class=\"wc-block-grid__product-image\"><img decoding=\"async\" width=\"300\" height=\"300\" src=\"https:\/\/golfprizes.vn\/wp-content\/uploads\/2025\/06\/thumbnail_product1_1-300x300.webp\" class=\"attachment-woocommerce_thumbnail size-woocommerce_thumbnail\" alt=\"T\u00fai \u0111\u1ef1ng g\u1eady golf Ping 35545\" srcset=\"https:\/\/golfprizes.vn\/wp-content\/uploads\/2025\/06\/thumbnail_product1_1-300x300.webp 300w, https:\/\/golfprizes.vn\/wp-content\/uploads\/2025\/06\/thumbnail_product1_1-500x500.webp 500w, https:\/\/golfprizes.vn\/wp-content\/uploads\/2025\/06\/thumbnail_product1_1-12x12.webp 12w, https:\/\/golfprizes.vn\/wp-content\/uploads\/2025\/06\/thumbnail_product1_1-370x370.webp 370w, https:\/\/golfprizes.vn\/wp-content\/uploads\/2025\/06\/thumbnail_product1_1-120x120.webp 120w, https:\/\/golfprizes.vn\/wp-content\/uploads\/2025\/06\/thumbnail_product1_1-410x410.webp 410w, https:\/\/golfprizes.vn\/wp-content\/uploads\/2025\/06\/thumbnail_product1_1-600x600.webp 600w, https:\/\/golfprizes.vn\/wp-content\/uploads\/2025\/06\/thumbnail_product1_1-150x150.webp 150w, https:\/\/golfprizes.vn\/wp-content\/uploads\/2025\/06\/thumbnail_product1_1.webp 708w\" sizes=\"(max-width: 300px) 100vw, 300px\" \/><\/div>\n\t\t\t\t\t<div class=\"wc-block-grid__product-title\">T\u00fai \u0111\u1ef1ng g\u1eady golf Ping 35545<\/div>\n\t\t\t\t<\/a>\n\t\t\t\t<div class=\"wc-block-grid__product-price price\"><span class=\"woocommerce-Price-amount amount\">100.000&nbsp;<span class=\"woocommerce-Price-currencySymbol\">&#8363;<\/span><\/span><\/div>\n\t\t\t\t\n\t\t\t\t<div class=\"wp-block-button wc-block-grid__product-add-to-cart\"><a href=\"\/vi\/wp-json\/wp\/v2\/pages\/26799?add-to-cart=26748\" aria-label=\"Th\u00eam v\u00e0o gi\u1ecf h\u00e0ng: &ldquo;T\u00fai \u0111\u1ef1ng g\u1eady golf Ping 35545&rdquo;\" data-quantity=\"1\" data-product_id=\"26748\" data-product_sku=\"SP001\" data-price=\"100000\" rel=\"nofollow\" class=\"wp-block-button__link  add_to_cart_button ajax_add_to_cart\">Th\u00eam v\u00e0o gi\u1ecf h\u00e0ng<\/a><\/div>\n\t\t\t<\/li><\/ul><\/div><\/div>\n<\/div>\n\t\t\t\t\t\t\t\t<\/div>\n\t\t\t\t<\/div>\n\t\t\t\t\t<\/div>\n\t\t\t\t<\/div>\n\t\t\t\t<\/div>\n\t\t","protected":false},"excerpt":{"rendered":"","protected":false},"author":1,"featured_media":0,"parent":0,"menu_order":0,"comment_status":"closed","ping_status":"closed","template":"","meta":{"footnotes":""},"class_list":["post-26799","page","type-page","status-publish","hentry"],"_links":{"self":[{"href":"https:\/\/golfprizes.vn\/vi\/wp-json\/wp\/v2\/pages\/26799","targetHints":{"allow":["GET"]}}],"collection":[{"href":"https:\/\/golfprizes.vn\/vi\/wp-json\/wp\/v2\/pages"}],"about":[{"href":"https:\/\/golfprizes.vn\/vi\/wp-json\/wp\/v2\/types\/page"}],"author":[{"embeddable":true,"href":"https:\/\/golfprizes.vn\/vi\/wp-json\/wp\/v2\/users\/1"}],"replies":[{"embeddable":true,"href":"https:\/\/golfprizes.vn\/vi\/wp-json\/wp\/v2\/comments?post=26799"}],"version-history":[{"count":39,"href":"https:\/\/golfprizes.vn\/vi\/wp-json\/wp\/v2\/pages\/26799\/revisions"}],"predecessor-version":[{"id":26865,"href":"https:\/\/golfprizes.vn\/vi\/wp-json\/wp\/v2\/pages\/26799\/revisions\/26865"}],"wp:attachment":[{"href":"https:\/\/golfprizes.vn\/vi\/wp-json\/wp\/v2\/media?parent=26799"}],"curies":[{"name":"wp","href":"https:\/\/api.w.org\/{rel}","templated":true}]}}