{"id":22710,"date":"2025-04-04T08:45:08","date_gmt":"2025-04-04T08:45:08","guid":{"rendered":"https:\/\/hio.golfprizes.vn\/?page_id=22710"},"modified":"2025-11-05T10:41:33","modified_gmt":"2025-11-05T03:41:33","slug":"baomatkhachhang","status":"publish","type":"page","link":"https:\/\/golfprizes.vn\/vi\/baomatkhachhang\/","title":{"rendered":"Page 3"},"content":{"rendered":"\t\t<div data-elementor-type=\"wp-page\" data-elementor-id=\"22710\" class=\"elementor elementor-22710\" data-elementor-post-type=\"page\">\n\t\t\t\t<div class=\"e-con-with-custom-width elementor-element elementor-element-2c625ff e-con-full e-flex sc_layouts_column_icons_position_left e-con e-parent\" data-id=\"2c625ff\" data-element_type=\"container\">\n\t\t\t\t<div class=\"elementor-element elementor-element-2754469 sc_fly_static elementor-widget elementor-widget-spacer\" data-id=\"2754469\" data-element_type=\"widget\" data-widget_type=\"spacer.default\">\n\t\t\t\t<div class=\"elementor-widget-container\">\n\t\t\t\t\t\t\t<div class=\"elementor-spacer\">\n\t\t\t<div class=\"elementor-spacer-inner\"><\/div>\n\t\t<\/div>\n\t\t\t\t\t\t<\/div>\n\t\t\t\t<\/div>\n\t\t\t\t<\/div>\n\t\t<div class=\"elementor-element elementor-element-a0b1741 e-flex e-con-boxed sc_layouts_column_icons_position_left e-con e-parent\" data-id=\"a0b1741\" data-element_type=\"container\">\n\t\t\t\t\t<div class=\"e-con-inner\">\n\t\t\t\t<div class=\"elementor-element elementor-element-73254ed sc_fly_static elementor-widget elementor-widget-shortcode\" data-id=\"73254ed\" data-element_type=\"widget\" data-widget_type=\"shortcode.default\">\n\t\t\t\t<div class=\"elementor-widget-container\">\n\t\t\t\t\t\t\t<div class=\"elementor-shortcode\"><style>\n  * {\n    margin: 0;\n    padding: 0;\n    box-sizing: border-box;\n  }\n\n  body {\n    font-family: 'Segoe UI', Tahoma, Geneva, Verdana, sans-serif;\n    line-height: 1.6;\n    color: #333;\n    background: linear-gradient(135deg, #e8f5e8 0%, #c8e6c9 100%);\n    min-height: 100vh;\n  }\n\n  .container {\n    max-width: 1000px;\n    margin: 0 auto;\n    padding: 20px;\n  }\n\n  .header {\n    text-align: center;\n    background: linear-gradient(135deg, #2e7d32 0%, #388e3c 100%);\n    color: white;\n    padding: 40px 20px;\n    border-radius: 15px;\n    margin-bottom: 30px;\n    box-shadow: 0 10px 30px rgba(0, 0, 0, 0.2);\n  }\n\n  .header h1 {\n    font-size: 2.5em;\n    font-weight: 700;\n    margin-bottom: 10px;\n    text-shadow: 2px 2px 4px rgba(0, 0, 0, 0.3);\n  }\n\n  .header .logo {\n    font-size: 1.2em;\n    opacity: 0.9;\n    font-weight: 300;\n  }\n\n  .content {\n    background: white;\n    padding: 40px;\n    border-radius: 15px;\n    box-shadow: 0 8px 25px rgba(0, 0, 0, 0.1);\n    margin-bottom: 20px;\n  }\n\n  .section {\n    margin-bottom: 35px;\n    padding-bottom: 25px;\n    border-bottom: 2px solid #f0f0f0;\n  }\n\n  .section:last-child {\n    border-bottom: none;\n    margin-bottom: 0;\n  }\n\n  .section-title {\n    font-size: 1.8em;\n    color: #2e7d32;\n    margin-bottom: 20px;\n    font-weight: 600;\n    position: relative;\n    padding-left: 20px;\n  }\n\n  .section-title::before {\n    content: \"\";\n    position: absolute;\n    left: 0;\n    top: 50%;\n    transform: translateY(-50%);\n    width: 4px;\n    height: 25px;\n    background: linear-gradient(135deg, #2e7d32, #4caf50);\n    border-radius: 2px;\n  }\n\n  .section-content {\n    font-size: 1.1em;\n    line-height: 1.8;\n    color: #555;\n    text-align: justify;\n  }\n\n  .section-content p {\n    margin-bottom: 15px;\n  }\n\n  .highlight {\n    background: linear-gradient(120deg, #c8e6c9 0%, #e8f5e8 100%);\n    padding: 15px;\n    border-radius: 8px;\n    margin: 15px 0;\n    border-left: 4px solid #2e7d32;\n  }\n\n  .company-info {\n    background: #f1f8e9;\n    padding: 25px;\n    border-radius: 10px;\n    margin: 20px 0;\n    border: 1px solid #c8e6c9;\n  }\n\n  .company-info h3 {\n    color: #2e7d32;\n    margin-bottom: 15px;\n    font-size: 1.3em;\n  }\n\n  .company-info p {\n    margin-bottom: 8px;\n    color: #666;\n  }\n\n  .contact-info {\n    display: grid;\n    grid-template-columns: repeat(auto-fit, minmax(250px, 1fr));\n    gap: 15px;\n    margin-top: 15px;\n  }\n\n  .contact-item {\n    display: flex;\n    align-items: center;\n    padding: 10px;\n    background: white;\n    border-radius: 8px;\n    box-shadow: 0 2px 5px rgba(0, 0, 0, 0.1);\n  }\n\n  .contact-item strong {\n    color: #2e7d32;\n    min-width: 80px;\n  }\n\n  .footer {\n    text-align: center;\n    padding: 25px;\n    background: linear-gradient(135deg, #2e7d32 0%, #388e3c 100%);\n    color: white;\n    border-radius: 15px;\n    margin-top: 20px;\n  }\n\n  .footer p {\n    opacity: 0.9;\n    font-size: 0.95em;\n  }\n\n  .list-item {\n    margin-bottom: 12px;\n    padding-left: 20px;\n    position: relative;\n  }\n\n  .list-item::before {\n    content: \"\ud83c\udfcc\ufe0f\";\n    position: absolute;\n    left: 0;\n    color: #2e7d32;\n    font-weight: bold;\n  }\n\n  @media (max-width: 768px) {\n    .container {\n      padding: 10px;\n    }\n\n    .content {\n      padding: 25px;\n    }\n\n    .header h1 {\n      font-size: 2em;\n    }\n\n    .section-title {\n      font-size: 1.5em;\n    }\n\n    .contact-info {\n      grid-template-columns: 1fr;\n    }\n  }\n\n  .scroll-top {\n    position: fixed;\n    bottom: 30px;\n    right: 30px;\n    background: linear-gradient(135deg, #2e7d32, #4caf50);\n    color: white;\n    border: none;\n    border-radius: 50%;\n    width: 50px;\n    height: 50px;\n    cursor: pointer;\n    box-shadow: 0 4px 15px rgba(0, 0, 0, 0.3);\n    opacity: 0;\n    transition: all 0.3s ease;\n  }\n\n  .scroll-top.visible {\n    opacity: 1;\n  }\n\n  .scroll-top:hover {\n    transform: translateY(-3px);\n    box-shadow: 0 6px 20px rgba(0, 0, 0, 0.4);\n  }\n<\/style>\n\n<div class=\"container\">\n  <div class=\"header\">\n    <h1>CH\u00cdNH S\u00c1CH B\u1ea2O M\u1eacT<\/h1>\n    <div class=\"logo\">VGP VI\u1ec6T NAM<\/div>\n  <\/div>\n\n  <div class=\"content\">\n    <div class=\"section\">\n      <h2 class=\"section-title\">M\u1ee5c \u0111\u00edch v\u00e0 ph\u1ea1m vi thu th\u1eadp<\/h2>\n      <div class=\"section-content\">\n        <p>Vi\u1ec7c thu th\u1eadp d\u1eef li\u1ec7u ch\u1ee7 y\u1ebfu tr\u00ean website golfprizes.vn bao g\u1ed3m: h\u1ecd t\u00ean, email, \u0111i\u1ec7n tho\u1ea1i. \u0110\u00e2y l\u00e0 c\u00e1c th\u00f4ng\n          tin c\u1ea7n thi\u1ebft c\u1ea7n th\u00e0nh vi\u00ean cung c\u1ea5p b\u1eaft bu\u1ed9c \u0111\u1ec3 golfprizes.vn li\u00ean h\u1ec7 x\u00e1c nh\u1eadn khi kh\u00e1ch h\u00e0ng s\u1eed d\u1ee5ng d\u1ecbch\n          v\u1ee5 tr\u00ean website nh\u1eb1m \u0111\u1ea3m b\u1ea3o quy\u1ec1n l\u1ee3i cho c\u00e1c kh\u00e1ch h\u00e0ng.<\/p>\n\n        <div class=\"highlight\">\n          <p>C\u00e1c kh\u00e1ch h\u00e0ng s\u1ebd t\u1ef1 ch\u1ecbu tr\u00e1ch nhi\u1ec7m v\u1ec1 b\u1ea3o m\u1eadt v\u00e0 l\u01b0u gi\u1eef m\u1ecdi ho\u1ea1t \u0111\u1ed9ng s\u1eed d\u1ee5ng d\u1ecbch v\u1ee5 d\u01b0\u1edbi t\u00ean v\u00e0 email\n            c\u1ee7a m\u00ecnh. Ngo\u00e0i ra kh\u00e1ch h\u00e0ng c\u00f3 tr\u00e1ch nhi\u1ec7m th\u00f4ng b\u00e1o k\u1ecbp th\u1eddi cho golfprizes.vn v\u1ec1 nh\u1eefng h\u00e0nh vi s\u1eed d\u1ee5ng\n            tr\u00e1i ph\u00e9p, l\u1ea1m d\u1ee5ng, vi ph\u1ea1m b\u1ea3o m\u1eadt, l\u01b0u gi\u1eef t\u00ean v\u00e0 m\u1eadt kh\u1ea9u c\u1ee7a b\u00ean th\u1ee9 ba \u0111\u1ec3 c\u00f3 bi\u1ec7n ph\u00e1p gi\u1ea3i quy\u1ebft ph\u00f9\n            h\u1ee3p.<\/p>\n        <\/div>\n      <\/div>\n    <\/div>\n\n    <div class=\"section\">\n      <h2 class=\"section-title\">Ph\u1ea1m vi s\u1eed d\u1ee5ng th\u00f4ng tin<\/h2>\n      <div class=\"section-content\">\n        <p>C\u00e1c th\u00f4ng tin c\u00e1 nh\u00e2n \u0111\u01b0\u1ee3c kh\u00e1ch h\u00e0ng cung c\u1ea5p c\u00f3 th\u1ec3 d\u00f9ng v\u00e0o c\u00e1c m\u1ee5c \u0111\u00edch sau:<\/p>\n\n        <div class=\"list-item\">Cung c\u1ea5p c\u00e1c d\u1ecbch v\u1ee5 \u0111\u1ebfn kh\u00e1ch h\u00e0ng;<\/div>\n        <div class=\"list-item\">G\u1eedi c\u00e1c th\u00f4ng b\u00e1o v\u1ec1 c\u00e1c ho\u1ea1t \u0111\u1ed9ng trao \u0111\u1ed5i th\u00f4ng tin gi\u1eefa kh\u00e1ch h\u00e0ng v\u00e0 golfprizes.vn;\n        <\/div>\n        <div class=\"list-item\">Ng\u0103n ng\u1eeba c\u00e1c ho\u1ea1t \u0111\u1ed9ng ph\u00e1 l\u1ed9 th\u00f4ng tin c\u00e1 nh\u00e2n ho\u1eb7c c\u00e1c ho\u1ea1t \u0111\u1ed9ng gi\u1ea3 m\u1ea1o kh\u00e1ch h\u00e0ng;\n        <\/div>\n        <div class=\"list-item\">Li\u00ean l\u1ea1c v\u00e0 gi\u1ea3i quy\u1ebft v\u1edbi kh\u00e1ch h\u00e0ng trong nh\u1eefng tr\u01b0\u1eddng h\u1ee3p \u0111\u1eb7c bi\u1ec7t. Kh\u00f4ng s\u1eed d\u1ee5ng\n          th\u00f4ng tin c\u00e1 nh\u00e2n c\u1ee7a kh\u00e1ch h\u00e0ng ngo\u00e0i m\u1ee5c \u0111\u00edch x\u00e1c nh\u1eadn v\u00e0 li\u00ean h\u1ec7 c\u00f3 li\u00ean quan \u0111\u1ebfn giao d\u1ecbch t\u1ea1i\n          golfprizes.vn.<\/div>\n\n        <div class=\"highlight\">\n          <p><strong>Trong tr\u01b0\u1eddng h\u1ee3p c\u00f3 y\u00eau c\u1ea7u c\u1ee7a ph\u00e1p lu\u1eadt:<\/strong> golfprizes.vn c\u00f3 tr\u00e1ch nhi\u1ec7m h\u1ee3p t\u00e1c cung c\u1ea5p\n            th\u00f4ng tin c\u00e1 nh\u00e2n c\u1ee7a kh\u00e1ch h\u00e0ng khi c\u00f3 y\u00eau c\u1ea7u t\u1eeb c\u01a1 quan t\u01b0 ph\u00e1p bao g\u1ed3m: Vi\u1ec7n ki\u1ec3m s\u00e1t, t\u00f2a \u00e1n, c\u01a1 quan\n            c\u00f4ng an \u0111i\u1ec1u tra li\u00ean quan \u0111\u1ebfn h\u00e0nh vi vi ph\u1ea1m ph\u00e1p lu\u1eadt n\u00e0o \u0111\u00f3 c\u1ee7a kh\u00e1ch h\u00e0ng. Ngo\u00e0i ra, kh\u00f4ng ai c\u00f3 quy\u1ec1n\n            x\u00e2m ph\u1ea1m v\u00e0o th\u00f4ng tin c\u00e1 nh\u00e2n c\u1ee7a kh\u00e1ch h\u00e0ng.<\/p>\n        <\/div>\n      <\/div>\n    <\/div>\n\n    <div class=\"section\">\n      <h2 class=\"section-title\">Th\u1eddi gian l\u01b0u gi\u1eef th\u00f4ng tin<\/h2>\n      <div class=\"section-content\">\n        <p>D\u1eef li\u1ec7u c\u00e1 nh\u00e2n c\u1ee7a kh\u00e1ch h\u00e0ng s\u1ebd \u0111\u01b0\u1ee3c l\u01b0u tr\u1eef cho \u0111\u1ebfn khi c\u00f3 y\u00eau c\u1ea7u h\u1ee7y b\u1ecf ho\u1eb7c t\u1ef1 th\u00e0nh vi\u00ean \u0111\u0103ng nh\u1eadp v\u00e0\n          th\u1ef1c hi\u1ec7n h\u1ee7y b\u1ecf. C\u00f2n l\u1ea1i trong m\u1ecdi tr\u01b0\u1eddng h\u1ee3p th\u00f4ng tin c\u00e1 nh\u00e2n c\u1ee7a kh\u00e1ch h\u00e0ng s\u1ebd \u0111\u01b0\u1ee3c b\u1ea3o m\u1eadt.<\/p>\n      <\/div>\n    <\/div>\n\n    <div class=\"section\">\n      <h2 class=\"section-title\">Nh\u1eefng ng\u01b0\u1eddi ho\u1eb7c t\u1ed5 ch\u1ee9c c\u00f3 th\u1ec3 \u0111\u01b0\u1ee3c ti\u1ebfp c\u1eadn v\u1edbi th\u00f4ng tin \u0111\u00f3<\/h2>\n      <div class=\"section-content\">\n        <p>Kh\u00e1ch h\u00e0ng \u0111\u1ed3ng \u00fd r\u1eb1ng: trong tr\u01b0\u1eddng h\u1ee3p c\u1ea7n thi\u1ebft, c\u00e1c c\u01a1 quan\/t\u1ed5 ch\u1ee9c\/c\u00e1 nh\u00e2n sau c\u00f3 quy\u1ec1n \u0111\u01b0\u1ee3c ti\u1ebfp c\u1eadn v\u00e0\n          thu th\u1eadp c\u00e1c th\u00f4ng tin c\u1ee7a m\u00ecnh, bao g\u1ed3m:<\/p>\n\n        <div class=\"list-item\">Ban Qu\u1ea3n Tr\u1ecb golfprizes.vn.<\/div>\n        <div class=\"list-item\">C\u01a1 quan nh\u00e0 n\u01b0\u1edbc c\u00f3 th\u1ea9m quy\u1ec1n (trong tr\u01b0\u1eddng h\u1ee3p c\u00f3 y\u00eau c\u1ea7u c\u1ee7a ph\u00e1p lu\u1eadt).<\/div>\n        <div class=\"list-item\">B\u00ean khi\u1ebfu n\u1ea1i ch\u1ee9ng minh \u0111\u01b0\u1ee3c h\u00e0nh vi vi ph\u1ea1m c\u1ee7a kh\u00e1ch h\u00e0ng (n\u1ebfu c\u00f3).<\/div>\n      <\/div>\n    <\/div>\n\n    <div class=\"section\">\n      <h2 class=\"section-title\">\u0110\u1ecba ch\u1ec9 c\u1ee7a \u0111\u01a1n v\u1ecb thu th\u1eadp v\u00e0 qu\u1ea3n l\u00fd th\u00f4ng tin c\u00e1 nh\u00e2n<\/h2>\n      <div class=\"section-content\">\n        <div class=\"company-info\">\n          <h3>C\u00f4ng ty C\u1ed5 Ph\u1ea7n \u0110\u1ea7u T\u01b0 VGP Vi\u1ec7t Nam (VGP)<\/h3>\n          <p><strong>MST:<\/strong> 0318842375 c\u1ea5p ng\u00e0y 21\/02\/2025, c\u1ea5p b\u1edfi S\u1edf K\u1ebf Ho\u1ea1ch V\u00e0 \u0110\u1ea7u T\u01b0 TP HCM - Ph\u00f2ng \u0110\u0103ng K\u00fd\n            Kinh Doanh.<\/p>\n          <p><strong>\u0110\u1ecba ch\u1ec9:<\/strong> 188BB7 \u0110\u01b0\u1eddng Nguy\u1ec5n V\u0103n H\u01b0\u1edfng, Ph\u01b0\u1eddng An Kh\u00e1nh, TP. H\u1ed3 Ch\u00ed Minh, Vi\u1ec7t Nam<\/p>\n\n          <div class=\"contact-info\">\n            <div class=\"contact-item\">\n              <strong>Hotline:<\/strong>\n              <span>088 608 1842<\/span>\n            <\/div>\n            <div class=\"contact-item\">\n              <strong>Email:<\/strong>\n              <span>info@golfprizes.vn<\/span>\n            <\/div>\n          <\/div>\n        <\/div>\n      <\/div>\n    <\/div>\n\n    <div class=\"section\">\n      <h2 class=\"section-title\">Ph\u01b0\u01a1ng ti\u1ec7n v\u00e0 c\u00f4ng c\u1ee5 \u0111\u1ec3 ng\u01b0\u1eddi d\u00f9ng ti\u1ebfp c\u1eadn v\u00e0 ch\u1ec9nh s\u1eeda d\u1eef li\u1ec7u c\u00e1 nh\u00e2n c\u1ee7a m\u00ecnh<\/h2>\n      <div class=\"section-content\">\n        <p>Kh\u00e1ch h\u00e0ng c\u00f3 quy\u1ec1n t\u1ef1 ki\u1ec3m tra, c\u1eadp nh\u1eadt, \u0111i\u1ec1u ch\u1ec9nh ho\u1eb7c h\u1ee7y b\u1ecf th\u00f4ng tin c\u00e1 nh\u00e2n c\u1ee7a m\u00ecnh ho\u1eb7c y\u00eau c\u1ea7u\n          golfprizes.vn th\u1ef1c hi\u1ec7n vi\u1ec7c n\u00e0y.<\/p>\n\n        <p>Kh\u00e1ch h\u00e0ng c\u00f3 quy\u1ec1n g\u1eedi khi\u1ebfu n\u1ea1i v\u1ec1 vi\u1ec7c l\u1ed9 th\u00f4ng tin c\u00e1 nh\u00e2n cho b\u00ean th\u1ee9 3 \u0111\u1ebfn ban qu\u1ea3n tr\u1ecb c\u1ee7a\n          golfprizes.vn. Khi ti\u1ebfp nh\u1eadn nh\u1eefng ph\u1ea3n h\u1ed3i n\u00e0y, golfprizes.vn s\u1ebd x\u00e1c nh\u1eadn l\u1ea1i th\u00f4ng tin, ph\u1ea3i c\u00f3 tr\u00e1ch nhi\u1ec7m\n          tr\u1ea3 l\u1eddi l\u00fd do v\u00e0 h\u01b0\u1edbng d\u1eabn kh\u00e1ch h\u00e0ng kh\u00f4i ph\u1ee5c v\u00e0 b\u1ea3o m\u1eadt l\u1ea1i th\u00f4ng tin.<\/p>\n\n        <div class=\"highlight\">\n          <p><strong>Email li\u00ean h\u1ec7:<\/strong> info@golfprizes.vn<\/p>\n        <\/div>\n      <\/div>\n    <\/div>\n\n    <div class=\"section\">\n      <h2 class=\"section-title\">Cam k\u1ebft b\u1ea3o m\u1eadt th\u00f4ng tin c\u00e1 nh\u00e2n kh\u00e1ch h\u00e0ng<\/h2>\n      <div class=\"section-content\">\n        <p>Th\u00f4ng tin c\u00e1 nh\u00e2n c\u1ee7a kh\u00e1ch h\u00e0ng tr\u00ean golfprizes.vn \u0111\u01b0\u1ee3c cam k\u1ebft b\u1ea3o m\u1eadt tuy\u1ec7t \u0111\u1ed1i theo ch\u00ednh s\u00e1ch b\u1ea3o v\u1ec7\n          th\u00f4ng tin c\u00e1 nh\u00e2n c\u1ee7a kh\u00e1ch h\u00e0ng. Vi\u1ec7c thu nh\u1eadp v\u00e0 s\u1eed d\u1ee5ng th\u00f4ng tin c\u1ee7a m\u1ed7i kh\u00e1ch h\u00e0ng ch\u1ec9 \u0111\u01b0\u1ee3c th\u1ef1c hi\u1ec7n khi\n          c\u00f3 s\u1ef1 \u0111\u1ed3ng \u00fd c\u1ee7a kh\u00e1ch h\u00e0ng \u0111\u00f3 tr\u1eeb nh\u1eefng tr\u01b0\u1eddng h\u1ee3p ph\u00e1p lu\u1eadt quy \u0111\u1ecbnh kh\u00e1c.<\/p>\n\n        <div class=\"list-item\">Kh\u00f4ng s\u1eed d\u1ee5ng, kh\u00f4ng chuy\u1ec3n giao, cung c\u1ea5p hay ti\u1ebft l\u1ed9 cho b\u00ean th\u1ee9 3 n\u00e0o v\u1ec1 th\u00f4ng tin c\u00e1\n          nh\u00e2n c\u1ee7a kh\u00e1ch h\u00e0ng khi kh\u00f4ng c\u00f3 s\u1ef1 cho ph\u00e9p \u0111\u1ed3ng \u00fd t\u1eeb th\u00e0nh vi\u00ean.<\/div>\n\n        <div class=\"list-item\">Trong tr\u01b0\u1eddng h\u1ee3p m\u00e1y ch\u1ee7 l\u01b0u l\u01b0u tr\u1eef th\u00f4ng tin b\u1ecb hacker t\u1ea5n c\u00f4ng d\u1eabn \u0111\u1ebfn m\u1ea5t m\u00e1t d\u1eef li\u1ec7u\n          c\u00e1 nh\u00e2n c\u1ee7a kh\u00e1ch h\u00e0ng, golfprizes.vn s\u1ebd c\u00f3 tr\u00e1ch nhi\u1ec7m th\u00f4ng b\u00e1o v\u1ee5 vi\u1ec7c cho c\u01a1 quan ch\u1ee9c n\u0103ng \u0111i\u1ec1u tra x\u1eed l\u00fd\n          k\u1ecbp th\u1eddi v\u00e0 th\u00f4ng b\u00e1o cho th\u00e0nh vi\u00ean \u0111\u01b0\u1ee3c bi\u1ebft.<\/div>\n\n        <div class=\"list-item\">B\u1ea3o m\u1eadt tuy\u1ec7t \u0111\u1ed1i m\u1ecdi th\u00f4ng tin giao d\u1ecbch tr\u1ef1c tuy\u1ebfn c\u1ee7a kh\u00e1ch h\u00e0ng bao g\u1ed3m th\u00f4ng tin h\u00f3a\n          \u0111\u01a1n k\u1ebf to\u00e1n ch\u1ee9ng t\u1eeb s\u1ed1 h\u00f3a t\u1ea1i khu v\u1ef1c d\u1eef li\u1ec7u trung t\u00e2m an to\u00e0n c\u1ea5p 1 c\u1ee7a golfprizes.vn<\/div>\n\n        <div class=\"highlight\">\n          <p>Ban qu\u1ea3n l\u00fd golfprizes.vn y\u00eau c\u1ea7u c\u00e1c c\u00e1 nh\u00e2n khi \u0111\u0103ng k\u00fd\/ mua h\u00e0ng ph\u1ea3i cung c\u1ea5p \u0111\u1ea7y \u0111\u1ee7 th\u00f4ng tin c\u00e1 nh\u00e2n\n            c\u00f3 li\u00ean quan nh\u01b0: H\u1ecd v\u00e0 t\u00ean, email, s\u1ed1 \u0111i\u1ec7n tho\u1ea1i v\u00e0 ch\u1ecbu tr\u00e1ch nhi\u1ec7m v\u1ec1 t\u00ednh ph\u00e1p l\u00fd c\u1ee7a nh\u1eefng th\u00f4ng tin\n            tr\u00ean. Ban qu\u1ea3n l\u00fd golfprizes.vn kh\u00f4ng ch\u1ecbu tr\u00e1ch nhi\u1ec7m c\u0169ng nh\u01b0 kh\u00f4ng gi\u1ea3i quy\u1ebft m\u1ecdi khi\u1ebfu n\u1ea1i c\u00f3 li\u00ean quan\n            \u0111\u1ebfn quy\u1ec1n l\u1ee3i c\u1ee7a kh\u00e1ch h\u00e0ng \u0111\u00f3 n\u1ebfu x\u00e9t th\u1ea5y t\u1ea5t c\u1ea3 th\u00f4ng tin c\u00e1 nh\u00e2n c\u1ee7a kh\u00e1ch h\u00e0ng \u0111\u00f3 cung c\u1ea5p khi \u0111\u0103ng k\u00fd\n            ban \u0111\u1ea7u l\u00e0 kh\u00f4ng ch\u00ednh x\u00e1c.<\/p>\n        <\/div>\n      <\/div>\n    <\/div>\n\n    <div class=\"section\">\n      <h2 class=\"section-title\">C\u01a1 ch\u1ebf ti\u1ebfp nh\u1eadn v\u00e0 gi\u1ea3i quy\u1ebft khi\u1ebfu n\u1ea1i li\u00ean quan \u0111\u1ebfn vi\u1ec7c th\u00f4ng tin c\u00e1 nh\u00e2n kh\u00e1ch h\u00e0ng\n      <\/h2>\n      <div class=\"section-content\">\n        <p>Th\u00f4ng tin c\u00e1 nh\u00e2n c\u1ee7a kh\u00e1ch h\u00e0ng \u0111\u01b0\u1ee3c cam k\u1ebft b\u1ea3o m\u1eadt tuy\u1ec7t \u0111\u1ed1i theo ch\u00ednh s\u00e1ch b\u1ea3o v\u1ec7 th\u00f4ng tin c\u00e1 nh\u00e2n.\n          Vi\u1ec7c thu th\u1eadp v\u00e0 s\u1eed d\u1ee5ng th\u00f4ng tin c\u1ee7a m\u1ed7i kh\u00e1ch h\u00e0ng ch\u1ec9 \u0111\u01b0\u1ee3c th\u1ef1c hi\u1ec7n khi c\u00f3 s\u1ef1 \u0111\u1ed3ng \u00fd c\u1ee7a kh\u00e1ch h\u00e0ng \u0111\u00f3\n          tr\u1eeb nh\u1eefng tr\u01b0\u1eddng h\u1ee3p ph\u00e1p lu\u1eadt c\u00f3 quy \u0111\u1ecbnh kh\u00e1c.<\/p>\n\n        <div class=\"list-item\">Kh\u00f4ng s\u1eed d\u1ee5ng, kh\u00f4ng chuy\u1ec3n giao, cung c\u1ea5p hay ti\u1ebft l\u1ed9 cho b\u00ean th\u1ee9 3 n\u00e0o v\u1ec1 th\u00f4ng tin c\u00e1\n          nh\u00e2n c\u1ee7a th\u00e0nh vi\u00ean khi kh\u00f4ng c\u00f3 s\u1ef1 cho ph\u00e9p \u0111\u1ed3ng \u00fd t\u1eeb kh\u00e1ch h\u00e0ng.<\/div>\n\n        <div class=\"list-item\">Trong tr\u01b0\u1eddng h\u1ee3p m\u00e1y ch\u1ee7 l\u01b0u tr\u1eef th\u00f4ng tin b\u1ecb hacker t\u1ea5n c\u00f4ng d\u1eabn \u0111\u1ebfn m\u1ea5t m\u00e1t d\u1eef li\u1ec7u c\u00e1\n          nh\u00e2n c\u1ee7a kh\u00e1ch h\u00e0ng, ch\u00fang t\u00f4i s\u1ebd c\u00f3 tr\u00e1ch nhi\u1ec7m th\u00f4ng b\u00e1o v\u1ee5 vi\u1ec7c cho c\u01a1 quan ch\u1ee9c n\u0103ng \u0111i\u1ec1u tra x\u1eed l\u00fd k\u1ecbp\n          th\u1eddi v\u00e0 th\u00f4ng b\u00e1o cho kh\u00e1ch h\u00e0ng \u0111\u01b0\u1ee3c bi\u1ebft.<\/div>\n\n        <p>Ban qu\u1ea3n l\u00fd y\u00eau c\u1ea7u c\u00e1c c\u00e1 nh\u00e2n khi \u0111\u0103ng k\u00fd\/mua h\u00e0ng ph\u1ea3i cung c\u1ea5p \u0111\u1ea7y \u0111\u1ee7 th\u00f4ng tin c\u00e1 nh\u00e2n c\u00f3 li\u00ean quan nh\u01b0:\n          H\u1ecd v\u00e0 t\u00ean, email, \u0111i\u1ec7n tho\u1ea1i, v\u00e0 ch\u1ecbu tr\u00e1ch nhi\u1ec7m v\u1ec1 t\u00ednh ph\u00e1p l\u00fd c\u1ee7a nh\u1eefng th\u00f4ng tin tr\u00ean. Ban qu\u1ea3n l\u00fd\n          golfprizes.vn kh\u00f4ng ch\u1ecbu tr\u00e1ch nhi\u1ec7m c\u0169ng nh\u01b0 kh\u00f4ng gi\u1ea3i quy\u1ebft m\u1ecdi khi\u1ebfu n\u1ea1i c\u00f3 li\u00ean quan \u0111\u1ebfn quy\u1ec1n l\u1ee3i c\u1ee7a\n          kh\u00e1ch h\u00e0ng \u0111\u00f3 n\u1ebfu x\u00e9t th\u1ea5y t\u1ea5t c\u1ea3 th\u00f4ng tin c\u00e1 nh\u00e2n c\u1ee7a th\u00e0nh vi\u00ean \u0111\u00f3 cung c\u1ea5p khi \u0111\u0103ng k\u00fd ban \u0111\u1ea7u l\u00e0 kh\u00f4ng\n          ch\u00ednh x\u00e1c.<\/p>\n\n        <p><strong>Kh\u00e1ch h\u00e0ng c\u00f3 quy\u1ec1n g\u1eedi khi\u1ebfu n\u1ea1i v\u1ec1 vi\u1ec7c l\u1ed9 th\u00f4ng tin c\u00e1 nh\u00e2n cho b\u00ean th\u1ee9 3 \u0111\u1ebfn ban qu\u1ea3n tr\u1ecb c\u1ee7a\n            golfprizes.vn \u0111\u1ebfn \u0111\u1ecba ch\u1ec9 c\u00f4ng ty:<\/strong><\/p>\n\n        <div class=\"company-info\">\n          <h3>C\u00f4ng ty C\u1ed5 Ph\u1ea7n \u0110\u1ea7u T\u01b0 VGP Vi\u1ec7t Nam (VGP)<\/h3>\n          <p><strong>MST:<\/strong> 0318842375 c\u1ea5p ng\u00e0y 21\/02\/2025, c\u1ea5p b\u1edfi S\u1edf K\u1ebf Ho\u1ea1ch V\u00e0 \u0110\u1ea7u T\u01b0 TP HCM - Ph\u00f2ng \u0110\u0103ng K\u00fd\n            Kinh Doanh.<\/p>\n          <p><strong>\u0110\u1ecba ch\u1ec9:<\/strong> 188BB7 \u0110\u01b0\u1eddng Nguy\u1ec5n V\u0103n H\u01b0\u1edfng, Ph\u01b0\u1eddng An Kh\u00e1nh, TP. H\u1ed3 Ch\u00ed Minh, Vi\u1ec7t Nam<\/p>\n\n          <div class=\"contact-info\">\n            <div class=\"contact-item\">\n              <strong>Hotline:<\/strong>\n              <span>088 608 1842<\/span>\n            <\/div>\n            <div class=\"contact-item\">\n              <strong>Email:<\/strong>\n              <span>info@golfprizes.vn<\/span>\n            <\/div>\n          <\/div>\n        <\/div>\n\n        <div class=\"highlight\">\n          <p><strong>C\u00f4ng ty c\u00f3 tr\u00e1ch nhi\u1ec7m th\u1ef1c hi\u1ec7n c\u00e1c bi\u1ec7n ph\u00e1p k\u1ef9 thu\u1eadt, nghi\u1ec7p v\u1ee5 \u0111\u1ec3 x\u00e1c minh c\u00e1c n\u1ed9i dung \u0111\u01b0\u1ee3c\n              ph\u1ea3n \u00e1nh.<\/strong><\/p>\n        <\/div>\n      <\/div>\n    <\/div>\n  <\/div>\n\n<\/div>\n\n<button class=\"scroll-top\" onclick=\"scrollToTop()\" title=\"L\u00ean \u0111\u1ea7u trang\">\u2191<\/button>\n\n<script>\n  \/\/ Show\/hide scroll to top button\n  window.addEventListener('scroll', function () {\n    const scrollTop = document.querySelector('.scroll-top');\n    if (window.pageYOffset > 300) {\n      scrollTop.classList.add('visible');\n    } else {\n      scrollTop.classList.remove('visible');\n    }\n  });\n\n  \/\/ Scroll to top function\n  function scrollToTop() {\n    window.scrollTo({\n      top: 0,\n      behavior: 'smooth'\n    });\n  }\n\n  \/\/ Add smooth scrolling for internal links\n  document.querySelectorAll('a[href^=\"#\"]').forEach(anchor => {\n    anchor.addEventListener('click', function (e) {\n      e.preventDefault();\n      document.querySelector(this.getAttribute('href')).scrollIntoView({\n        behavior: 'smooth'\n      });\n    });\n  });\n<\/script><\/div>\n\t\t\t\t\t\t<\/div>\n\t\t\t\t<\/div>\n\t\t\t\t\t<\/div>\n\t\t\t\t<\/div>\n\t\t\t\t<\/div>\n\t\t","protected":false},"excerpt":{"rendered":"<p>CH\u00cdNH S\u00c1CH B\u1ea2O M\u1eacT VGP VI\u1ec6T NAM M\u1ee5c \u0111\u00edch v\u00e0 ph\u1ea1m vi thu th\u1eadp Vi\u1ec7c thu th\u1eadp d\u1eef li\u1ec7u ch\u1ee7 y\u1ebfu tr\u00ean website golfprizes.vn bao g\u1ed3m: h\u1ecd t\u00ean, email, \u0111i\u1ec7n&hellip;<\/p>\n","protected":false},"author":2,"featured_media":0,"parent":0,"menu_order":0,"comment_status":"closed","ping_status":"closed","template":"","meta":{"footnotes":""},"class_list":["post-22710","page","type-page","status-publish","hentry"],"_links":{"self":[{"href":"https:\/\/golfprizes.vn\/vi\/wp-json\/wp\/v2\/pages\/22710","targetHints":{"allow":["GET"]}}],"collection":[{"href":"https:\/\/golfprizes.vn\/vi\/wp-json\/wp\/v2\/pages"}],"about":[{"href":"https:\/\/golfprizes.vn\/vi\/wp-json\/wp\/v2\/types\/page"}],"author":[{"embeddable":true,"href":"https:\/\/golfprizes.vn\/vi\/wp-json\/wp\/v2\/users\/2"}],"replies":[{"embeddable":true,"href":"https:\/\/golfprizes.vn\/vi\/wp-json\/wp\/v2\/comments?post=22710"}],"version-history":[{"count":64,"href":"https:\/\/golfprizes.vn\/vi\/wp-json\/wp\/v2\/pages\/22710\/revisions"}],"predecessor-version":[{"id":27161,"href":"https:\/\/golfprizes.vn\/vi\/wp-json\/wp\/v2\/pages\/22710\/revisions\/27161"}],"wp:attachment":[{"href":"https:\/\/golfprizes.vn\/vi\/wp-json\/wp\/v2\/media?parent=22710"}],"curies":[{"name":"wp","href":"https:\/\/api.w.org\/{rel}","templated":true}]}}